{"id":3,"date":"2023-04-14T11:12:15","date_gmt":"2023-04-14T11:12:15","guid":{"rendered":"https:\/\/mg.schwellbrunn.ch\/?page_id=3"},"modified":"2023-05-05T23:13:01","modified_gmt":"2023-05-05T21:13:01","slug":"datenschutzerklaerung","status":"publish","type":"page","link":"https:\/\/mg.schwellbrunn.ch\/index.php\/datenschutzerklaerung\/","title":{"rendered":"Datenschutzerkl\u00e4rung"},"content":{"rendered":"\t\t<div data-elementor-type=\"wp-page\" data-elementor-id=\"3\" class=\"elementor elementor-3\" data-elementor-post-type=\"page\">\n\t\t\t\t\t\t<section class=\"elementor-section elementor-top-section elementor-element elementor-element-f26837b elementor-section-boxed elementor-section-height-default elementor-section-height-default\" data-id=\"f26837b\" data-element_type=\"section\" data-e-type=\"section\" data-settings=\"{&quot;background_background&quot;:&quot;classic&quot;}\">\n\t\t\t\t\t\t\t<div class=\"elementor-background-overlay\"><\/div>\n\t\t\t\t\t\t\t<div class=\"elementor-container elementor-column-gap-no\">\n\t\t\t\t\t<div class=\"elementor-column elementor-col-100 elementor-top-column elementor-element elementor-element-9285772\" data-id=\"9285772\" data-element_type=\"column\" data-e-type=\"column\">\n\t\t\t<div class=\"elementor-widget-wrap\">\n\t\t\t\t\t\t\t<\/div>\n\t\t<\/div>\n\t\t\t\t\t<\/div>\n\t\t<\/section>\n\t\t\t\t<section class=\"elementor-section elementor-top-section elementor-element elementor-element-29a0630 elementor-section-boxed elementor-section-height-default elementor-section-height-default\" data-id=\"29a0630\" data-element_type=\"section\" data-e-type=\"section\">\n\t\t\t\t\t\t<div class=\"elementor-container elementor-column-gap-default\">\n\t\t\t\t\t<div class=\"elementor-column elementor-col-100 elementor-top-column elementor-element elementor-element-2b7d131\" data-id=\"2b7d131\" data-element_type=\"column\" data-e-type=\"column\">\n\t\t\t<div class=\"elementor-widget-wrap elementor-element-populated\">\n\t\t\t\t\t\t<div class=\"elementor-element elementor-element-61009fd elementor-widget elementor-widget-heading\" data-id=\"61009fd\" data-element_type=\"widget\" data-e-type=\"widget\" data-widget_type=\"heading.default\">\n\t\t\t\t<div class=\"elementor-widget-container\">\n\t\t\t\t\t<h1 class=\"elementor-heading-title elementor-size-default\">Datenschutzerkl\u00e4rung<\/h1>\t\t\t\t<\/div>\n\t\t\t\t<\/div>\n\t\t\t\t\t<\/div>\n\t\t<\/div>\n\t\t\t\t\t<\/div>\n\t\t<\/section>\n\t\t\t\t<section class=\"elementor-section elementor-top-section elementor-element elementor-element-a8df7a1 elementor-section-boxed elementor-section-height-default elementor-section-height-default\" data-id=\"a8df7a1\" data-element_type=\"section\" data-e-type=\"section\">\n\t\t\t\t\t\t<div class=\"elementor-container elementor-column-gap-default\">\n\t\t\t\t\t<div class=\"elementor-column elementor-col-100 elementor-top-column elementor-element elementor-element-35a292b\" data-id=\"35a292b\" data-element_type=\"column\" data-e-type=\"column\">\n\t\t\t<div class=\"elementor-widget-wrap elementor-element-populated\">\n\t\t\t\t\t\t<div class=\"elementor-element elementor-element-2e14648 elementor-widget elementor-widget-heading\" data-id=\"2e14648\" data-element_type=\"widget\" data-e-type=\"widget\" data-widget_type=\"heading.default\">\n\t\t\t\t<div class=\"elementor-widget-container\">\n\t\t\t\t\t<h3 class=\"elementor-heading-title elementor-size-default\">Wer wir sind<\/h3>\t\t\t\t<\/div>\n\t\t\t\t<\/div>\n\t\t\t\t<div class=\"elementor-element elementor-element-f43d067 elementor-widget elementor-widget-text-editor\" data-id=\"f43d067\" data-element_type=\"widget\" data-e-type=\"widget\" data-widget_type=\"text-editor.default\">\n\t\t\t\t<div class=\"elementor-widget-container\">\n\t\t\t\t\t\t\t\t\tWir sind der Verein Musikgesellschaft Schwellbrunn.<br>Unsere Webseiten-URL lautet: http:\/\/mg.schwellbrunn.ch.\t\t\t\t\t\t\t\t<\/div>\n\t\t\t\t<\/div>\n\t\t\t\t<div class=\"elementor-element elementor-element-7b79814 elementor-widget elementor-widget-heading\" data-id=\"7b79814\" data-element_type=\"widget\" data-e-type=\"widget\" data-widget_type=\"heading.default\">\n\t\t\t\t<div class=\"elementor-widget-container\">\n\t\t\t\t\t<h3 class=\"elementor-heading-title elementor-size-default\">Welche personenbezogenen Daten wir sammeln und warum wir sie sammeln\n\n<\/h3>\t\t\t\t<\/div>\n\t\t\t\t<\/div>\n\t\t\t\t<div class=\"elementor-element elementor-element-881805d elementor-widget elementor-widget-heading\" data-id=\"881805d\" data-element_type=\"widget\" data-e-type=\"widget\" data-widget_type=\"heading.default\">\n\t\t\t\t<div class=\"elementor-widget-container\">\n\t\t\t\t\t<h4 class=\"elementor-heading-title elementor-size-default\">Medien<\/h4>\t\t\t\t<\/div>\n\t\t\t\t<\/div>\n\t\t\t\t<div class=\"elementor-element elementor-element-68bd9e9 elementor-widget elementor-widget-text-editor\" data-id=\"68bd9e9\" data-element_type=\"widget\" data-e-type=\"widget\" data-widget_type=\"text-editor.default\">\n\t\t\t\t<div class=\"elementor-widget-container\">\n\t\t\t\t\t\t\t\t\tWenn du ein registrierter Benutzer bist und Fotos auf diese Website l\u00e4dst, solltest du vermeiden, Fotos mit einem EXIF-GPS-Standort hochzuladen. Besucher dieser Website k\u00f6nnten Fotos, die auf dieser Website gespeichert sind, herunterladen und deren Standort-Informationen extrahieren.\t\t\t\t\t\t\t\t<\/div>\n\t\t\t\t<\/div>\n\t\t\t\t<div class=\"elementor-element elementor-element-1c92e02 elementor-widget elementor-widget-heading\" data-id=\"1c92e02\" data-element_type=\"widget\" data-e-type=\"widget\" data-widget_type=\"heading.default\">\n\t\t\t\t<div class=\"elementor-widget-container\">\n\t\t\t\t\t<h4 class=\"elementor-heading-title elementor-size-default\">Kontaktformulare<\/h4>\t\t\t\t<\/div>\n\t\t\t\t<\/div>\n\t\t\t\t<div class=\"elementor-element elementor-element-19f7549 elementor-widget elementor-widget-heading\" data-id=\"19f7549\" data-element_type=\"widget\" data-e-type=\"widget\" data-widget_type=\"heading.default\">\n\t\t\t\t<div class=\"elementor-widget-container\">\n\t\t\t\t\t<h4 class=\"elementor-heading-title elementor-size-default\">Cookies<\/h4>\t\t\t\t<\/div>\n\t\t\t\t<\/div>\n\t\t\t\t<div class=\"elementor-element elementor-element-a9f98bd elementor-widget elementor-widget-text-editor\" data-id=\"a9f98bd\" data-element_type=\"widget\" data-e-type=\"widget\" data-widget_type=\"text-editor.default\">\n\t\t\t\t<div class=\"elementor-widget-container\">\n\t\t\t\t\t\t\t\t\tWenn du einen Kommentar auf unserer Website schreibst, kann das eine Einwilligung sein, deinen Namen, E-Mail-Adresse und Website in Cookies zu speichern. Dies ist eine Komfortfunktion, damit du nicht, wenn du einen weiteren Kommentar schreibst, all diese Daten erneut eingeben musst. Diese Cookies werden ein Jahr lang gespeichert.\n\nFalls du ein Konto hast und dich auf dieser Website anmeldest, werden wir ein tempor\u00e4res Cookie setzen, um festzustellen, ob dein Browser Cookies akzeptiert. Dieses Cookie enth\u00e4lt keine personenbezogenen Daten und wird verworfen, wenn du deinen Browser schlie\u00dft.\n\nWenn du dich anmeldest, werden wir einige Cookies einrichten, um deine Anmeldeinformationen und Anzeigeoptionen zu speichern. Anmelde-Cookies verfallen nach zwei Tagen und Cookies f\u00fcr die Anzeigeoptionen nach einem Jahr. Falls du bei der Anmeldung \u201eAngemeldet bleiben\u201c ausw\u00e4hlst, wird deine Anmeldung zwei Wochen lang aufrechterhalten. Mit der Abmeldung aus deinem Konto werden die Anmelde-Cookies gel\u00f6scht.\n\nWenn du einen Artikel bearbeitest oder ver\u00f6ffentlichst, wird ein zus\u00e4tzlicher Cookie in deinem Browser gespeichert. Dieser Cookie enth\u00e4lt keine personenbezogenen Daten und verweist nur auf die Beitrags-ID des Artikels, den du gerade bearbeitet hast. Der Cookie verf\u00e4llt nach einem Tag.\t\t\t\t\t\t\t\t<\/div>\n\t\t\t\t<\/div>\n\t\t\t\t<div class=\"elementor-element elementor-element-22b3c8c elementor-widget elementor-widget-heading\" data-id=\"22b3c8c\" data-element_type=\"widget\" data-e-type=\"widget\" data-widget_type=\"heading.default\">\n\t\t\t\t<div class=\"elementor-widget-container\">\n\t\t\t\t\t<h4 class=\"elementor-heading-title elementor-size-default\">Eingebettete Inhalte von anderen Websites\n<\/h4>\t\t\t\t<\/div>\n\t\t\t\t<\/div>\n\t\t\t\t<div class=\"elementor-element elementor-element-1ff9d18 elementor-widget elementor-widget-text-editor\" data-id=\"1ff9d18\" data-element_type=\"widget\" data-e-type=\"widget\" data-widget_type=\"text-editor.default\">\n\t\t\t\t<div class=\"elementor-widget-container\">\n\t\t\t\t\t\t\t\t\tBeitr\u00e4ge auf dieser Website k\u00f6nnen eingebettete Inhalte beinhalten (z. B. Videos, Bilder, Beitr\u00e4ge etc.). Eingebettete Inhalte von anderen Websites verhalten sich exakt so, als ob der Besucher die andere Website besucht h\u00e4tte.\n\nDiese Websites k\u00f6nnen Daten \u00fcber dich sammeln, Cookies benutzen, zus\u00e4tzliche Tracking-Dienste von Dritten einbetten und deine Interaktion mit diesem eingebetteten Inhalt aufzeichnen, inklusive deiner Interaktion mit dem eingebetteten Inhalt, falls du ein Konto hast und auf dieser Website angemeldet bist.\t\t\t\t\t\t\t\t<\/div>\n\t\t\t\t<\/div>\n\t\t\t\t<div class=\"elementor-element elementor-element-44cfb3e elementor-widget elementor-widget-heading\" data-id=\"44cfb3e\" data-element_type=\"widget\" data-e-type=\"widget\" data-widget_type=\"heading.default\">\n\t\t\t\t<div class=\"elementor-widget-container\">\n\t\t\t\t\t<h4 class=\"elementor-heading-title elementor-size-default\">Wie lange wir deine Daten speichern<\/h4>\t\t\t\t<\/div>\n\t\t\t\t<\/div>\n\t\t\t\t<div class=\"elementor-element elementor-element-47f6da8 elementor-widget elementor-widget-text-editor\" data-id=\"47f6da8\" data-element_type=\"widget\" data-e-type=\"widget\" data-widget_type=\"text-editor.default\">\n\t\t\t\t<div class=\"elementor-widget-container\">\n\t\t\t\t\t\t\t\t\tWenn du einen Kommentar schreibst, wird dieser inklusive Metadaten zeitlich unbegrenzt gespeichert. Auf diese Art k\u00f6nnen wir Folgekommentare automatisch erkennen und freigeben, anstelle sie in einer Moderations-Warteschlange festzuhalten.\n\nF\u00fcr Benutzer, die sich auf unserer Website registrieren, speichern wir zus\u00e4tzlich die pers\u00f6nlichen Informationen, die sie in ihren Benutzerprofilen angeben. Alle Benutzer k\u00f6nnen jederzeit ihre pers\u00f6nlichen Informationen einsehen, ver\u00e4ndern oder l\u00f6schen (der Benutzername kann nicht ver\u00e4ndert werden). Administratoren der Website k\u00f6nnen diese Informationen ebenfalls einsehen und ver\u00e4ndern.\t\t\t\t\t\t\t\t<\/div>\n\t\t\t\t<\/div>\n\t\t\t\t<div class=\"elementor-element elementor-element-77162fc elementor-widget elementor-widget-heading\" data-id=\"77162fc\" data-element_type=\"widget\" data-e-type=\"widget\" data-widget_type=\"heading.default\">\n\t\t\t\t<div class=\"elementor-widget-container\">\n\t\t\t\t\t<h4 class=\"elementor-heading-title elementor-size-default\">Welche Rechte du an deinen Daten hast<\/h4>\t\t\t\t<\/div>\n\t\t\t\t<\/div>\n\t\t\t\t<div class=\"elementor-element elementor-element-31a1996 elementor-widget elementor-widget-text-editor\" data-id=\"31a1996\" data-element_type=\"widget\" data-e-type=\"widget\" data-widget_type=\"text-editor.default\">\n\t\t\t\t<div class=\"elementor-widget-container\">\n\t\t\t\t\t\t\t\t\tWenn du ein Konto auf dieser Website besitzt oder Kommentare geschrieben hast, kannst du einen Export deiner personenbezogenen Daten bei uns anfordern, inklusive aller Daten, die du uns mitgeteilt hast. Dar\u00fcber hinaus kannst du die L\u00f6schung aller personenbezogenen Daten, die wir von dir gespeichert haben, anfordern. Dies umfasst nicht die Daten, die wir aufgrund administrativer, rechtlicher oder sicherheitsrelevanter Notwendigkeiten aufbewahren m\u00fcssen.\t\t\t\t\t\t\t\t<\/div>\n\t\t\t\t<\/div>\n\t\t\t\t\t<\/div>\n\t\t<\/div>\n\t\t\t\t\t<\/div>\n\t\t<\/section>\n\t\t\t\t<\/div>\n\t\t","protected":false},"excerpt":{"rendered":"<p>Datenschutzerkl\u00e4rung Wer wir sind Wir sind der Verein Musikgesellschaft Schwellbrunn. Unsere Webseiten-URL lautet: http:\/\/mg.schwellbrunn.ch. Welche personenbezogenen Daten wir sammeln und warum wir sie sammeln Medien Wenn du ein registrierter Benutzer bist und Fotos auf diese Website l\u00e4dst, solltest du vermeiden, Fotos mit einem EXIF-GPS-Standort hochzuladen. Besucher dieser Website k\u00f6nnten Fotos, die auf dieser Website gespeichert [&hellip;]<\/p>\n","protected":false},"author":1,"featured_media":0,"parent":0,"menu_order":0,"comment_status":"closed","ping_status":"open","template":"elementor_header_footer","meta":{"footnotes":""},"class_list":["post-3","page","type-page","status-publish","hentry"],"yoast_head":"<!-- This site is optimized with the Yoast SEO plugin v27.4 - https:\/\/yoast.com\/product\/yoast-seo-wordpress\/ -->\n<title>Datenschutzerkl\u00e4rung - Musikgesellschaft Schwellbrunn<\/title>\n<meta name=\"description\" content=\"Die Datenschutzerkl\u00e4rung zeigt auf, welche Daten wir sammeln und wie diese verwendet werden. Ausserdem zeigt sie die Rechte der Benutzer auf.\" \/>\n<meta name=\"robots\" content=\"index, follow, max-snippet:-1, max-image-preview:large, max-video-preview:-1\" \/>\n<link rel=\"canonical\" href=\"https:\/\/mg.schwellbrunn.ch\/index.php\/datenschutzerklaerung\/\" \/>\n<meta property=\"og:locale\" content=\"de_DE\" \/>\n<meta property=\"og:type\" content=\"article\" \/>\n<meta property=\"og:title\" content=\"Datenschutzerkl\u00e4rung - Musikgesellschaft Schwellbrunn\" \/>\n<meta property=\"og:description\" content=\"Die Datenschutzerkl\u00e4rung zeigt auf, welche Daten wir sammeln und wie diese verwendet werden. Ausserdem zeigt sie die Rechte der Benutzer auf.\" \/>\n<meta property=\"og:url\" content=\"https:\/\/mg.schwellbrunn.ch\/index.php\/datenschutzerklaerung\/\" \/>\n<meta property=\"og:site_name\" content=\"Musikgesellschaft Schwellbrunn\" \/>\n<meta property=\"article:publisher\" content=\"https:\/\/www.facebook.com\/MusikgesellschaftSchwellbrunn\" \/>\n<meta property=\"article:modified_time\" content=\"2023-05-05T21:13:01+00:00\" \/>\n<meta property=\"og:image\" content=\"https:\/\/mg.schwellbrunn.ch\/wp-content\/uploads\/2023\/05\/Yoast-Fallback.jpg\" \/>\n\t<meta property=\"og:image:width\" content=\"1200\" \/>\n\t<meta property=\"og:image:height\" content=\"675\" \/>\n\t<meta property=\"og:image:type\" content=\"image\/jpeg\" \/>\n<meta name=\"twitter:card\" content=\"summary_large_image\" \/>\n<meta name=\"twitter:label1\" content=\"Gesch\u00e4tzte Lesezeit\" \/>\n\t<meta name=\"twitter:data1\" content=\"3\u00a0Minuten\" \/>\n<script type=\"application\/ld+json\" class=\"yoast-schema-graph\">{\"@context\":\"https:\\\/\\\/schema.org\",\"@graph\":[{\"@type\":\"WebPage\",\"@id\":\"https:\\\/\\\/mg.schwellbrunn.ch\\\/index.php\\\/datenschutzerklaerung\\\/\",\"url\":\"https:\\\/\\\/mg.schwellbrunn.ch\\\/index.php\\\/datenschutzerklaerung\\\/\",\"name\":\"Datenschutzerkl\u00e4rung - Musikgesellschaft Schwellbrunn\",\"isPartOf\":{\"@id\":\"https:\\\/\\\/mg.schwellbrunn.ch\\\/#website\"},\"datePublished\":\"2023-04-14T11:12:15+00:00\",\"dateModified\":\"2023-05-05T21:13:01+00:00\",\"description\":\"Die Datenschutzerkl\u00e4rung zeigt auf, welche Daten wir sammeln und wie diese verwendet werden. Ausserdem zeigt sie die Rechte der Benutzer auf.\",\"breadcrumb\":{\"@id\":\"https:\\\/\\\/mg.schwellbrunn.ch\\\/index.php\\\/datenschutzerklaerung\\\/#breadcrumb\"},\"inLanguage\":\"de\",\"potentialAction\":[{\"@type\":\"ReadAction\",\"target\":[\"https:\\\/\\\/mg.schwellbrunn.ch\\\/index.php\\\/datenschutzerklaerung\\\/\"]}]},{\"@type\":\"BreadcrumbList\",\"@id\":\"https:\\\/\\\/mg.schwellbrunn.ch\\\/index.php\\\/datenschutzerklaerung\\\/#breadcrumb\",\"itemListElement\":[{\"@type\":\"ListItem\",\"position\":1,\"name\":\"Startseite\",\"item\":\"https:\\\/\\\/mg.schwellbrunn.ch\\\/\"},{\"@type\":\"ListItem\",\"position\":2,\"name\":\"Datenschutzerkl\u00e4rung\"}]},{\"@type\":\"WebSite\",\"@id\":\"https:\\\/\\\/mg.schwellbrunn.ch\\\/#website\",\"url\":\"https:\\\/\\\/mg.schwellbrunn.ch\\\/\",\"name\":\"Musikgesellschaft Schwellbrunn\",\"description\":\"\",\"publisher\":{\"@id\":\"https:\\\/\\\/mg.schwellbrunn.ch\\\/#organization\"},\"potentialAction\":[{\"@type\":\"SearchAction\",\"target\":{\"@type\":\"EntryPoint\",\"urlTemplate\":\"https:\\\/\\\/mg.schwellbrunn.ch\\\/?s={search_term_string}\"},\"query-input\":{\"@type\":\"PropertyValueSpecification\",\"valueRequired\":true,\"valueName\":\"search_term_string\"}}],\"inLanguage\":\"de\"},{\"@type\":\"Organization\",\"@id\":\"https:\\\/\\\/mg.schwellbrunn.ch\\\/#organization\",\"name\":\"Musikgesellschaft Schwellbrunn\",\"url\":\"https:\\\/\\\/mg.schwellbrunn.ch\\\/\",\"logo\":{\"@type\":\"ImageObject\",\"inLanguage\":\"de\",\"@id\":\"https:\\\/\\\/mg.schwellbrunn.ch\\\/#\\\/schema\\\/logo\\\/image\\\/\",\"url\":\"https:\\\/\\\/mg.schwellbrunn.ch\\\/wp-content\\\/uploads\\\/2023\\\/04\\\/DefaultProfilePicture.jpg\",\"contentUrl\":\"https:\\\/\\\/mg.schwellbrunn.ch\\\/wp-content\\\/uploads\\\/2023\\\/04\\\/DefaultProfilePicture.jpg\",\"width\":300,\"height\":300,\"caption\":\"Musikgesellschaft Schwellbrunn\"},\"image\":{\"@id\":\"https:\\\/\\\/mg.schwellbrunn.ch\\\/#\\\/schema\\\/logo\\\/image\\\/\"},\"sameAs\":[\"https:\\\/\\\/www.facebook.com\\\/MusikgesellschaftSchwellbrunn\"]}]}<\/script>\n<!-- \/ Yoast SEO plugin. -->","yoast_head_json":{"title":"Datenschutzerkl\u00e4rung - Musikgesellschaft Schwellbrunn","description":"Die Datenschutzerkl\u00e4rung zeigt auf, welche Daten wir sammeln und wie diese verwendet werden. Ausserdem zeigt sie die Rechte der Benutzer auf.","robots":{"index":"index","follow":"follow","max-snippet":"max-snippet:-1","max-image-preview":"max-image-preview:large","max-video-preview":"max-video-preview:-1"},"canonical":"https:\/\/mg.schwellbrunn.ch\/index.php\/datenschutzerklaerung\/","og_locale":"de_DE","og_type":"article","og_title":"Datenschutzerkl\u00e4rung - Musikgesellschaft Schwellbrunn","og_description":"Die Datenschutzerkl\u00e4rung zeigt auf, welche Daten wir sammeln und wie diese verwendet werden. Ausserdem zeigt sie die Rechte der Benutzer auf.","og_url":"https:\/\/mg.schwellbrunn.ch\/index.php\/datenschutzerklaerung\/","og_site_name":"Musikgesellschaft Schwellbrunn","article_publisher":"https:\/\/www.facebook.com\/MusikgesellschaftSchwellbrunn","article_modified_time":"2023-05-05T21:13:01+00:00","og_image":[{"width":1200,"height":675,"url":"https:\/\/mg.schwellbrunn.ch\/wp-content\/uploads\/2023\/05\/Yoast-Fallback.jpg","type":"image\/jpeg"}],"twitter_card":"summary_large_image","twitter_misc":{"Gesch\u00e4tzte Lesezeit":"3\u00a0Minuten"},"schema":{"@context":"https:\/\/schema.org","@graph":[{"@type":"WebPage","@id":"https:\/\/mg.schwellbrunn.ch\/index.php\/datenschutzerklaerung\/","url":"https:\/\/mg.schwellbrunn.ch\/index.php\/datenschutzerklaerung\/","name":"Datenschutzerkl\u00e4rung - Musikgesellschaft Schwellbrunn","isPartOf":{"@id":"https:\/\/mg.schwellbrunn.ch\/#website"},"datePublished":"2023-04-14T11:12:15+00:00","dateModified":"2023-05-05T21:13:01+00:00","description":"Die Datenschutzerkl\u00e4rung zeigt auf, welche Daten wir sammeln und wie diese verwendet werden. Ausserdem zeigt sie die Rechte der Benutzer auf.","breadcrumb":{"@id":"https:\/\/mg.schwellbrunn.ch\/index.php\/datenschutzerklaerung\/#breadcrumb"},"inLanguage":"de","potentialAction":[{"@type":"ReadAction","target":["https:\/\/mg.schwellbrunn.ch\/index.php\/datenschutzerklaerung\/"]}]},{"@type":"BreadcrumbList","@id":"https:\/\/mg.schwellbrunn.ch\/index.php\/datenschutzerklaerung\/#breadcrumb","itemListElement":[{"@type":"ListItem","position":1,"name":"Startseite","item":"https:\/\/mg.schwellbrunn.ch\/"},{"@type":"ListItem","position":2,"name":"Datenschutzerkl\u00e4rung"}]},{"@type":"WebSite","@id":"https:\/\/mg.schwellbrunn.ch\/#website","url":"https:\/\/mg.schwellbrunn.ch\/","name":"Musikgesellschaft Schwellbrunn","description":"","publisher":{"@id":"https:\/\/mg.schwellbrunn.ch\/#organization"},"potentialAction":[{"@type":"SearchAction","target":{"@type":"EntryPoint","urlTemplate":"https:\/\/mg.schwellbrunn.ch\/?s={search_term_string}"},"query-input":{"@type":"PropertyValueSpecification","valueRequired":true,"valueName":"search_term_string"}}],"inLanguage":"de"},{"@type":"Organization","@id":"https:\/\/mg.schwellbrunn.ch\/#organization","name":"Musikgesellschaft Schwellbrunn","url":"https:\/\/mg.schwellbrunn.ch\/","logo":{"@type":"ImageObject","inLanguage":"de","@id":"https:\/\/mg.schwellbrunn.ch\/#\/schema\/logo\/image\/","url":"https:\/\/mg.schwellbrunn.ch\/wp-content\/uploads\/2023\/04\/DefaultProfilePicture.jpg","contentUrl":"https:\/\/mg.schwellbrunn.ch\/wp-content\/uploads\/2023\/04\/DefaultProfilePicture.jpg","width":300,"height":300,"caption":"Musikgesellschaft Schwellbrunn"},"image":{"@id":"https:\/\/mg.schwellbrunn.ch\/#\/schema\/logo\/image\/"},"sameAs":["https:\/\/www.facebook.com\/MusikgesellschaftSchwellbrunn"]}]}},"_links":{"self":[{"href":"https:\/\/mg.schwellbrunn.ch\/index.php\/wp-json\/wp\/v2\/pages\/3","targetHints":{"allow":["GET"]}}],"collection":[{"href":"https:\/\/mg.schwellbrunn.ch\/index.php\/wp-json\/wp\/v2\/pages"}],"about":[{"href":"https:\/\/mg.schwellbrunn.ch\/index.php\/wp-json\/wp\/v2\/types\/page"}],"author":[{"embeddable":true,"href":"https:\/\/mg.schwellbrunn.ch\/index.php\/wp-json\/wp\/v2\/users\/1"}],"replies":[{"embeddable":true,"href":"https:\/\/mg.schwellbrunn.ch\/index.php\/wp-json\/wp\/v2\/comments?post=3"}],"version-history":[{"count":1,"href":"https:\/\/mg.schwellbrunn.ch\/index.php\/wp-json\/wp\/v2\/pages\/3\/revisions"}],"predecessor-version":[{"id":4972,"href":"https:\/\/mg.schwellbrunn.ch\/index.php\/wp-json\/wp\/v2\/pages\/3\/revisions\/4972"}],"wp:attachment":[{"href":"https:\/\/mg.schwellbrunn.ch\/index.php\/wp-json\/wp\/v2\/media?parent=3"}],"curies":[{"name":"wp","href":"https:\/\/api.w.org\/{rel}","templated":true}]}}