{"id":3589,"date":"2023-04-18T01:19:31","date_gmt":"2023-04-17T23:19:31","guid":{"rendered":"https:\/\/mg.schwellbrunn.ch\/?page_id=3589"},"modified":"2023-05-05T23:43:23","modified_gmt":"2023-05-05T21:43:23","slug":"links","status":"publish","type":"page","link":"https:\/\/mg.schwellbrunn.ch\/index.php\/links\/","title":{"rendered":"Links"},"content":{"rendered":"\t\t<div data-elementor-type=\"wp-page\" data-elementor-id=\"3589\" class=\"elementor elementor-3589\" data-elementor-post-type=\"page\">\n\t\t\t\t\t\t<section class=\"elementor-section elementor-top-section elementor-element elementor-element-cfc7943 elementor-section-boxed elementor-section-height-default elementor-section-height-default\" data-id=\"cfc7943\" data-element_type=\"section\" data-e-type=\"section\" data-settings=\"{&quot;background_background&quot;:&quot;classic&quot;}\">\n\t\t\t\t\t\t\t<div class=\"elementor-background-overlay\"><\/div>\n\t\t\t\t\t\t\t<div class=\"elementor-container elementor-column-gap-default\">\n\t\t\t\t\t<div class=\"elementor-column elementor-col-100 elementor-top-column elementor-element elementor-element-b8482b0\" data-id=\"b8482b0\" data-element_type=\"column\" data-e-type=\"column\">\n\t\t\t<div class=\"elementor-widget-wrap\">\n\t\t\t\t\t\t\t<\/div>\n\t\t<\/div>\n\t\t\t\t\t<\/div>\n\t\t<\/section>\n\t\t\t\t<section class=\"elementor-section elementor-top-section elementor-element elementor-element-b13365c elementor-section-boxed elementor-section-height-default elementor-section-height-default\" data-id=\"b13365c\" data-element_type=\"section\" data-e-type=\"section\" data-settings=\"{&quot;background_background&quot;:&quot;classic&quot;}\">\n\t\t\t\t\t\t<div class=\"elementor-container elementor-column-gap-default\">\n\t\t\t\t\t<div class=\"elementor-column elementor-col-100 elementor-top-column elementor-element elementor-element-886311a\" data-id=\"886311a\" data-element_type=\"column\" data-e-type=\"column\">\n\t\t\t<div class=\"elementor-widget-wrap elementor-element-populated\">\n\t\t\t\t\t\t<div class=\"elementor-element elementor-element-bf23eea elementor-widget elementor-widget-heading\" data-id=\"bf23eea\" data-element_type=\"widget\" data-e-type=\"widget\" data-widget_type=\"heading.default\">\n\t\t\t\t<div class=\"elementor-widget-container\">\n\t\t\t\t\t<h1 class=\"elementor-heading-title elementor-size-default\">Links<\/h1>\t\t\t\t<\/div>\n\t\t\t\t<\/div>\n\t\t\t\t<div class=\"elementor-element elementor-element-9e368d3 elementor-widget elementor-widget-text-editor\" data-id=\"9e368d3\" data-element_type=\"widget\" data-e-type=\"widget\" data-widget_type=\"text-editor.default\">\n\t\t\t\t<div class=\"elementor-widget-container\">\n\t\t\t\t\t\t\t\t\t<p>Verschiedene Stellen, Sponsoren, G\u00f6nner und Vereine unterst\u00fctzen uns. Herzlichen Dank.<\/p>\t\t\t\t\t\t\t\t<\/div>\n\t\t\t\t<\/div>\n\t\t\t\t\t<\/div>\n\t\t<\/div>\n\t\t\t\t\t<\/div>\n\t\t<\/section>\n\t\t\t\t<section class=\"elementor-section elementor-top-section elementor-element elementor-element-405acfc elementor-section-boxed elementor-section-height-default elementor-section-height-default\" data-id=\"405acfc\" data-element_type=\"section\" data-e-type=\"section\">\n\t\t\t\t\t\t<div class=\"elementor-container elementor-column-gap-default\">\n\t\t\t\t\t<div class=\"elementor-column elementor-col-33 elementor-top-column elementor-element elementor-element-cbf5d2c\" data-id=\"cbf5d2c\" data-element_type=\"column\" data-e-type=\"column\">\n\t\t\t<div class=\"elementor-widget-wrap elementor-element-populated\">\n\t\t\t\t\t\t<div class=\"elementor-element elementor-element-2c1b8ab elementor-position-top elementor-widget elementor-widget-image-box\" data-id=\"2c1b8ab\" data-element_type=\"widget\" data-e-type=\"widget\" data-widget_type=\"image-box.default\">\n\t\t\t\t<div class=\"elementor-widget-container\">\n\t\t\t\t\t<div class=\"elementor-image-box-wrapper\"><figure class=\"elementor-image-box-img\"><a href=\"https:\/\/www.schwellbrunn.ch\" target=\"_blank\" tabindex=\"-1\"><img decoding=\"async\" width=\"150\" height=\"150\" src=\"https:\/\/mg.schwellbrunn.ch\/wp-content\/uploads\/2023\/04\/link_schwellbrunn.png\" class=\"attachment-full size-full wp-image-4252\" alt=\"\" \/><\/a><\/figure><div class=\"elementor-image-box-content\"><h5 class=\"elementor-image-box-title\"><a href=\"https:\/\/www.schwellbrunn.ch\" target=\"_blank\">Gemeinde Schwellbrunn<\/a><\/h5><\/div><\/div>\t\t\t\t<\/div>\n\t\t\t\t<\/div>\n\t\t\t\t\t<\/div>\n\t\t<\/div>\n\t\t\t\t<div class=\"elementor-column elementor-col-33 elementor-top-column elementor-element elementor-element-ce0fa75\" data-id=\"ce0fa75\" data-element_type=\"column\" data-e-type=\"column\">\n\t\t\t<div class=\"elementor-widget-wrap elementor-element-populated\">\n\t\t\t\t\t\t<div class=\"elementor-element elementor-element-9f19e38 elementor-position-top elementor-widget elementor-widget-image-box\" data-id=\"9f19e38\" data-element_type=\"widget\" data-e-type=\"widget\" data-widget_type=\"image-box.default\">\n\t\t\t\t<div class=\"elementor-widget-container\">\n\t\t\t\t\t<div class=\"elementor-image-box-wrapper\"><figure class=\"elementor-image-box-img\"><a href=\"https:\/\/www.abv-online.ch\" target=\"_blank\" tabindex=\"-1\"><img decoding=\"async\" width=\"150\" height=\"150\" src=\"https:\/\/mg.schwellbrunn.ch\/wp-content\/uploads\/2023\/04\/link_abv.png\" class=\"attachment-full size-full wp-image-4248\" alt=\"\" \/><\/a><\/figure><div class=\"elementor-image-box-content\"><h5 class=\"elementor-image-box-title\"><a href=\"https:\/\/www.abv-online.ch\" target=\"_blank\">ABV (Appenzeller Blasmusikverband)<\/a><\/h5><\/div><\/div>\t\t\t\t<\/div>\n\t\t\t\t<\/div>\n\t\t\t\t\t<\/div>\n\t\t<\/div>\n\t\t\t\t<div class=\"elementor-column elementor-col-33 elementor-top-column elementor-element elementor-element-71c3e4b\" data-id=\"71c3e4b\" data-element_type=\"column\" data-e-type=\"column\">\n\t\t\t<div class=\"elementor-widget-wrap elementor-element-populated\">\n\t\t\t\t\t\t<div class=\"elementor-element elementor-element-b6093ab elementor-position-top elementor-widget elementor-widget-image-box\" data-id=\"b6093ab\" data-element_type=\"widget\" data-e-type=\"widget\" data-widget_type=\"image-box.default\">\n\t\t\t\t<div class=\"elementor-widget-container\">\n\t\t\t\t\t<div class=\"elementor-image-box-wrapper\"><figure class=\"elementor-image-box-img\"><a href=\"https:\/\/www.windband.ch\" target=\"_blank\" tabindex=\"-1\"><img decoding=\"async\" width=\"150\" height=\"150\" src=\"https:\/\/mg.schwellbrunn.ch\/wp-content\/uploads\/2023\/04\/link_sbv.png\" class=\"attachment-full size-full wp-image-4251\" alt=\"\" \/><\/a><\/figure><div class=\"elementor-image-box-content\"><h5 class=\"elementor-image-box-title\"><a href=\"https:\/\/www.windband.ch\" target=\"_blank\">SBV (Schweizer Blasmusikverband)<\/a><\/h5><\/div><\/div>\t\t\t\t<\/div>\n\t\t\t\t<\/div>\n\t\t\t\t\t<\/div>\n\t\t<\/div>\n\t\t\t\t\t<\/div>\n\t\t<\/section>\n\t\t\t\t<section class=\"elementor-section elementor-top-section elementor-element elementor-element-b9ec2fe elementor-section-boxed elementor-section-height-default elementor-section-height-default\" data-id=\"b9ec2fe\" data-element_type=\"section\" data-e-type=\"section\">\n\t\t\t\t\t\t<div class=\"elementor-container elementor-column-gap-default\">\n\t\t\t\t\t<div class=\"elementor-column elementor-col-33 elementor-top-column elementor-element elementor-element-6fd2bff\" data-id=\"6fd2bff\" data-element_type=\"column\" data-e-type=\"column\">\n\t\t\t<div class=\"elementor-widget-wrap elementor-element-populated\">\n\t\t\t\t\t\t<div class=\"elementor-element elementor-element-3a3bcc7 elementor-position-top elementor-widget elementor-widget-image-box\" data-id=\"3a3bcc7\" data-element_type=\"widget\" data-e-type=\"widget\" data-widget_type=\"image-box.default\">\n\t\t\t\t<div class=\"elementor-widget-container\">\n\t\t\t\t\t<div class=\"elementor-image-box-wrapper\"><figure class=\"elementor-image-box-img\"><a href=\"https:\/\/mv-urnaesch.ch\" target=\"_blank\" tabindex=\"-1\"><img loading=\"lazy\" decoding=\"async\" width=\"150\" height=\"150\" src=\"https:\/\/mg.schwellbrunn.ch\/wp-content\/uploads\/2023\/04\/link_mv_urnaesch.png\" class=\"attachment-full size-full wp-image-4250\" alt=\"\" \/><\/a><\/figure><div class=\"elementor-image-box-content\"><h5 class=\"elementor-image-box-title\"><a href=\"https:\/\/mv-urnaesch.ch\" target=\"_blank\">MV Urn\u00e4sch<\/a><\/h5><p class=\"elementor-image-box-description\">Mit dem MV Urn\u00e4sch bilden wir die Spielgemeinschaft Urbrunn<\/p><\/div><\/div>\t\t\t\t<\/div>\n\t\t\t\t<\/div>\n\t\t\t\t\t<\/div>\n\t\t<\/div>\n\t\t\t\t<div class=\"elementor-column elementor-col-33 elementor-top-column elementor-element elementor-element-4723141\" data-id=\"4723141\" data-element_type=\"column\" data-e-type=\"column\">\n\t\t\t<div class=\"elementor-widget-wrap elementor-element-populated\">\n\t\t\t\t\t\t<div class=\"elementor-element elementor-element-eb6a6ba elementor-position-top elementor-widget elementor-widget-image-box\" data-id=\"eb6a6ba\" data-element_type=\"widget\" data-e-type=\"widget\" data-widget_type=\"image-box.default\">\n\t\t\t\t<div class=\"elementor-widget-container\">\n\t\t\t\t\t<div class=\"elementor-image-box-wrapper\"><figure class=\"elementor-image-box-img\"><a href=\"https:\/\/www.harmonie-adliswil.ch\/\" target=\"_blank\" tabindex=\"-1\"><img loading=\"lazy\" decoding=\"async\" width=\"150\" height=\"150\" src=\"https:\/\/mg.schwellbrunn.ch\/wp-content\/uploads\/2023\/04\/link_mv_adliswil.png\" class=\"attachment-full size-full wp-image-4249\" alt=\"\" \/><\/a><\/figure><div class=\"elementor-image-box-content\"><h5 class=\"elementor-image-box-title\"><a href=\"https:\/\/www.harmonie-adliswil.ch\/\" target=\"_blank\">Harmonie Adliswil<\/a><\/h5><p class=\"elementor-image-box-description\">Unser Paterverein<\/p><\/div><\/div>\t\t\t\t<\/div>\n\t\t\t\t<\/div>\n\t\t\t\t\t<\/div>\n\t\t<\/div>\n\t\t\t\t<div class=\"elementor-column elementor-col-33 elementor-top-column elementor-element elementor-element-f1585da\" data-id=\"f1585da\" data-element_type=\"column\" data-e-type=\"column\">\n\t\t\t<div class=\"elementor-widget-wrap elementor-element-populated\">\n\t\t\t\t\t\t<div class=\"elementor-element elementor-element-fbdf40f elementor-position-top elementor-widget elementor-widget-image-box\" data-id=\"fbdf40f\" data-element_type=\"widget\" data-e-type=\"widget\" data-widget_type=\"image-box.default\">\n\t\t\t\t<div class=\"elementor-widget-container\">\n\t\t\t\t\t<div class=\"elementor-image-box-wrapper\"><figure class=\"elementor-image-box-img\"><a href=\"https:\/\/rjm-stp.ch\" target=\"_blank\" tabindex=\"-1\"><img loading=\"lazy\" decoding=\"async\" width=\"726\" height=\"382\" src=\"https:\/\/mg.schwellbrunn.ch\/wp-content\/uploads\/2023\/04\/link_rjm.png\" class=\"attachment-full size-full wp-image-4274\" alt=\"\" srcset=\"https:\/\/mg.schwellbrunn.ch\/wp-content\/uploads\/2023\/04\/link_rjm.png 726w, https:\/\/mg.schwellbrunn.ch\/wp-content\/uploads\/2023\/04\/link_rjm-300x158.png 300w\" sizes=\"(max-width: 726px) 100vw, 726px\" \/><\/a><\/figure><div class=\"elementor-image-box-content\"><h5 class=\"elementor-image-box-title\"><a href=\"https:\/\/rjm-stp.ch\" target=\"_blank\">RJM St. Peterzell<\/a><\/h5><p class=\"elementor-image-box-description\">Musikverein\u00fcbergreifende Jugendmusik wo auch unser Nachwuchs mitspielt.<\/p><\/div><\/div>\t\t\t\t<\/div>\n\t\t\t\t<\/div>\n\t\t\t\t\t<\/div>\n\t\t<\/div>\n\t\t\t\t\t<\/div>\n\t\t<\/section>\n\t\t\t\t<section class=\"elementor-section elementor-top-section elementor-element elementor-element-52d3e83 elementor-section-boxed elementor-section-height-default elementor-section-height-default\" data-id=\"52d3e83\" data-element_type=\"section\" data-e-type=\"section\">\n\t\t\t\t\t\t<div class=\"elementor-container elementor-column-gap-default\">\n\t\t\t\t\t<div class=\"elementor-column elementor-col-33 elementor-top-column elementor-element elementor-element-5513492\" data-id=\"5513492\" data-element_type=\"column\" data-e-type=\"column\">\n\t\t\t<div class=\"elementor-widget-wrap elementor-element-populated\">\n\t\t\t\t\t\t<div class=\"elementor-element elementor-element-80d3313 elementor-position-top elementor-widget elementor-widget-image-box\" data-id=\"80d3313\" data-element_type=\"widget\" data-e-type=\"widget\" data-widget_type=\"image-box.default\">\n\t\t\t\t<div class=\"elementor-widget-container\">\n\t\t\t\t\t<div class=\"elementor-image-box-wrapper\"><figure class=\"elementor-image-box-img\"><a href=\"http:\/\/www.musikbauma.ch\" target=\"_blank\" tabindex=\"-1\"><img loading=\"lazy\" decoding=\"async\" width=\"150\" height=\"150\" src=\"https:\/\/mg.schwellbrunn.ch\/wp-content\/uploads\/2023\/04\/link__harmonie_bauma.png\" class=\"attachment-full size-full wp-image-4247\" alt=\"\" \/><\/a><\/figure><div class=\"elementor-image-box-content\"><h5 class=\"elementor-image-box-title\"><a href=\"http:\/\/www.musikbauma.ch\" target=\"_blank\">Harmonie Bauma<\/a><\/h5><p class=\"elementor-image-box-description\">Musikverein im Z\u00fcrioberland wo ehemalige Mitglieder mitspielen.<\/p><\/div><\/div>\t\t\t\t<\/div>\n\t\t\t\t<\/div>\n\t\t\t\t\t<\/div>\n\t\t<\/div>\n\t\t\t\t<div class=\"elementor-column elementor-col-33 elementor-top-column elementor-element elementor-element-2fc2ce9\" data-id=\"2fc2ce9\" data-element_type=\"column\" data-e-type=\"column\">\n\t\t\t<div class=\"elementor-widget-wrap\">\n\t\t\t\t\t\t\t<\/div>\n\t\t<\/div>\n\t\t\t\t<div class=\"elementor-column elementor-col-33 elementor-top-column elementor-element elementor-element-0cfd443\" data-id=\"0cfd443\" data-element_type=\"column\" data-e-type=\"column\">\n\t\t\t<div class=\"elementor-widget-wrap\">\n\t\t\t\t\t\t\t<\/div>\n\t\t<\/div>\n\t\t\t\t\t<\/div>\n\t\t<\/section>\n\t\t\t\t<section class=\"elementor-section elementor-top-section elementor-element elementor-element-dbd0392 elementor-section-boxed elementor-section-height-default elementor-section-height-default\" data-id=\"dbd0392\" data-element_type=\"section\" data-e-type=\"section\">\n\t\t\t\t\t\t<div class=\"elementor-container elementor-column-gap-default\">\n\t\t\t\t\t<div class=\"elementor-column elementor-col-100 elementor-top-column elementor-element elementor-element-d1943bf\" data-id=\"d1943bf\" data-element_type=\"column\" data-e-type=\"column\">\n\t\t\t<div class=\"elementor-widget-wrap elementor-element-populated\">\n\t\t\t\t\t\t<div class=\"elementor-element elementor-element-25f5351 elementor-widget elementor-widget-spacer\" data-id=\"25f5351\" data-element_type=\"widget\" data-e-type=\"widget\" data-widget_type=\"spacer.default\">\n\t\t\t\t<div class=\"elementor-widget-container\">\n\t\t\t\t\t\t\t<div class=\"elementor-spacer\">\n\t\t\t<div class=\"elementor-spacer-inner\"><\/div>\n\t\t<\/div>\n\t\t\t\t\t\t<\/div>\n\t\t\t\t<\/div>\n\t\t\t\t\t<\/div>\n\t\t<\/div>\n\t\t\t\t\t<\/div>\n\t\t<\/section>\n\t\t\t\t<\/div>\n\t\t","protected":false},"excerpt":{"rendered":"<p>Links Verschiedene Stellen, Sponsoren, G\u00f6nner und Vereine unterst\u00fctzen uns. Herzlichen Dank. Gemeinde Schwellbrunn ABV (Appenzeller Blasmusikverband) SBV (Schweizer Blasmusikverband) MV Urn\u00e4sch Mit dem MV Urn\u00e4sch bilden wir die Spielgemeinschaft Urbrunn Harmonie Adliswil Unser Paterverein RJM St. Peterzell Musikverein\u00fcbergreifende Jugendmusik wo auch unser Nachwuchs mitspielt. Harmonie Bauma Musikverein im Z\u00fcrioberland wo ehemalige Mitglieder mitspielen.<\/p>\n","protected":false},"author":1,"featured_media":0,"parent":0,"menu_order":0,"comment_status":"closed","ping_status":"closed","template":"elementor_header_footer","meta":{"footnotes":""},"class_list":["post-3589","page","type-page","status-publish","hentry"],"yoast_head":"<!-- This site is optimized with the Yoast SEO plugin v27.4 - https:\/\/yoast.com\/product\/yoast-seo-wordpress\/ -->\n<title>Links - Musikgesellschaft Schwellbrunn<\/title>\n<meta name=\"description\" content=\"Verschiedene Links von unseren Sponsoren, G\u00f6nnern oder befreundeten Musikvereinen.\" \/>\n<meta name=\"robots\" content=\"index, follow, max-snippet:-1, max-image-preview:large, max-video-preview:-1\" \/>\n<link rel=\"canonical\" href=\"https:\/\/mg.schwellbrunn.ch\/index.php\/links\/\" \/>\n<meta property=\"og:locale\" content=\"de_DE\" \/>\n<meta property=\"og:type\" content=\"article\" \/>\n<meta property=\"og:title\" content=\"Links - Musikgesellschaft Schwellbrunn\" \/>\n<meta property=\"og:description\" content=\"Verschiedene Links von unseren Sponsoren, G\u00f6nnern oder befreundeten Musikvereinen.\" \/>\n<meta property=\"og:url\" content=\"https:\/\/mg.schwellbrunn.ch\/index.php\/links\/\" \/>\n<meta property=\"og:site_name\" content=\"Musikgesellschaft Schwellbrunn\" \/>\n<meta property=\"article:publisher\" content=\"https:\/\/www.facebook.com\/MusikgesellschaftSchwellbrunn\" \/>\n<meta property=\"article:modified_time\" content=\"2023-05-05T21:43:23+00:00\" \/>\n<meta property=\"og:image\" content=\"https:\/\/mg.schwellbrunn.ch\/wp-content\/uploads\/2023\/04\/link_schwellbrunn.png\" \/>\n<meta name=\"twitter:card\" content=\"summary_large_image\" \/>\n<meta name=\"twitter:label1\" content=\"Gesch\u00e4tzte Lesezeit\" \/>\n\t<meta name=\"twitter:data1\" content=\"2\u00a0Minuten\" \/>\n<script type=\"application\/ld+json\" class=\"yoast-schema-graph\">{\"@context\":\"https:\\\/\\\/schema.org\",\"@graph\":[{\"@type\":\"WebPage\",\"@id\":\"https:\\\/\\\/mg.schwellbrunn.ch\\\/index.php\\\/links\\\/\",\"url\":\"https:\\\/\\\/mg.schwellbrunn.ch\\\/index.php\\\/links\\\/\",\"name\":\"Links - Musikgesellschaft Schwellbrunn\",\"isPartOf\":{\"@id\":\"https:\\\/\\\/mg.schwellbrunn.ch\\\/#website\"},\"primaryImageOfPage\":{\"@id\":\"https:\\\/\\\/mg.schwellbrunn.ch\\\/index.php\\\/links\\\/#primaryimage\"},\"image\":{\"@id\":\"https:\\\/\\\/mg.schwellbrunn.ch\\\/index.php\\\/links\\\/#primaryimage\"},\"thumbnailUrl\":\"https:\\\/\\\/mg.schwellbrunn.ch\\\/wp-content\\\/uploads\\\/2023\\\/04\\\/link_schwellbrunn.png\",\"datePublished\":\"2023-04-17T23:19:31+00:00\",\"dateModified\":\"2023-05-05T21:43:23+00:00\",\"description\":\"Verschiedene Links von unseren Sponsoren, G\u00f6nnern oder befreundeten Musikvereinen.\",\"breadcrumb\":{\"@id\":\"https:\\\/\\\/mg.schwellbrunn.ch\\\/index.php\\\/links\\\/#breadcrumb\"},\"inLanguage\":\"de\",\"potentialAction\":[{\"@type\":\"ReadAction\",\"target\":[\"https:\\\/\\\/mg.schwellbrunn.ch\\\/index.php\\\/links\\\/\"]}]},{\"@type\":\"ImageObject\",\"inLanguage\":\"de\",\"@id\":\"https:\\\/\\\/mg.schwellbrunn.ch\\\/index.php\\\/links\\\/#primaryimage\",\"url\":\"https:\\\/\\\/mg.schwellbrunn.ch\\\/wp-content\\\/uploads\\\/2023\\\/04\\\/link_schwellbrunn.png\",\"contentUrl\":\"https:\\\/\\\/mg.schwellbrunn.ch\\\/wp-content\\\/uploads\\\/2023\\\/04\\\/link_schwellbrunn.png\",\"width\":150,\"height\":150},{\"@type\":\"BreadcrumbList\",\"@id\":\"https:\\\/\\\/mg.schwellbrunn.ch\\\/index.php\\\/links\\\/#breadcrumb\",\"itemListElement\":[{\"@type\":\"ListItem\",\"position\":1,\"name\":\"Startseite\",\"item\":\"https:\\\/\\\/mg.schwellbrunn.ch\\\/\"},{\"@type\":\"ListItem\",\"position\":2,\"name\":\"Links\"}]},{\"@type\":\"WebSite\",\"@id\":\"https:\\\/\\\/mg.schwellbrunn.ch\\\/#website\",\"url\":\"https:\\\/\\\/mg.schwellbrunn.ch\\\/\",\"name\":\"Musikgesellschaft Schwellbrunn\",\"description\":\"\",\"publisher\":{\"@id\":\"https:\\\/\\\/mg.schwellbrunn.ch\\\/#organization\"},\"potentialAction\":[{\"@type\":\"SearchAction\",\"target\":{\"@type\":\"EntryPoint\",\"urlTemplate\":\"https:\\\/\\\/mg.schwellbrunn.ch\\\/?s={search_term_string}\"},\"query-input\":{\"@type\":\"PropertyValueSpecification\",\"valueRequired\":true,\"valueName\":\"search_term_string\"}}],\"inLanguage\":\"de\"},{\"@type\":\"Organization\",\"@id\":\"https:\\\/\\\/mg.schwellbrunn.ch\\\/#organization\",\"name\":\"Musikgesellschaft Schwellbrunn\",\"url\":\"https:\\\/\\\/mg.schwellbrunn.ch\\\/\",\"logo\":{\"@type\":\"ImageObject\",\"inLanguage\":\"de\",\"@id\":\"https:\\\/\\\/mg.schwellbrunn.ch\\\/#\\\/schema\\\/logo\\\/image\\\/\",\"url\":\"https:\\\/\\\/mg.schwellbrunn.ch\\\/wp-content\\\/uploads\\\/2023\\\/04\\\/DefaultProfilePicture.jpg\",\"contentUrl\":\"https:\\\/\\\/mg.schwellbrunn.ch\\\/wp-content\\\/uploads\\\/2023\\\/04\\\/DefaultProfilePicture.jpg\",\"width\":300,\"height\":300,\"caption\":\"Musikgesellschaft Schwellbrunn\"},\"image\":{\"@id\":\"https:\\\/\\\/mg.schwellbrunn.ch\\\/#\\\/schema\\\/logo\\\/image\\\/\"},\"sameAs\":[\"https:\\\/\\\/www.facebook.com\\\/MusikgesellschaftSchwellbrunn\"]}]}<\/script>\n<!-- \/ Yoast SEO plugin. -->","yoast_head_json":{"title":"Links - Musikgesellschaft Schwellbrunn","description":"Verschiedene Links von unseren Sponsoren, G\u00f6nnern oder befreundeten Musikvereinen.","robots":{"index":"index","follow":"follow","max-snippet":"max-snippet:-1","max-image-preview":"max-image-preview:large","max-video-preview":"max-video-preview:-1"},"canonical":"https:\/\/mg.schwellbrunn.ch\/index.php\/links\/","og_locale":"de_DE","og_type":"article","og_title":"Links - Musikgesellschaft Schwellbrunn","og_description":"Verschiedene Links von unseren Sponsoren, G\u00f6nnern oder befreundeten Musikvereinen.","og_url":"https:\/\/mg.schwellbrunn.ch\/index.php\/links\/","og_site_name":"Musikgesellschaft Schwellbrunn","article_publisher":"https:\/\/www.facebook.com\/MusikgesellschaftSchwellbrunn","article_modified_time":"2023-05-05T21:43:23+00:00","og_image":[{"url":"https:\/\/mg.schwellbrunn.ch\/wp-content\/uploads\/2023\/04\/link_schwellbrunn.png","type":"","width":"","height":""}],"twitter_card":"summary_large_image","twitter_misc":{"Gesch\u00e4tzte Lesezeit":"2\u00a0Minuten"},"schema":{"@context":"https:\/\/schema.org","@graph":[{"@type":"WebPage","@id":"https:\/\/mg.schwellbrunn.ch\/index.php\/links\/","url":"https:\/\/mg.schwellbrunn.ch\/index.php\/links\/","name":"Links - Musikgesellschaft Schwellbrunn","isPartOf":{"@id":"https:\/\/mg.schwellbrunn.ch\/#website"},"primaryImageOfPage":{"@id":"https:\/\/mg.schwellbrunn.ch\/index.php\/links\/#primaryimage"},"image":{"@id":"https:\/\/mg.schwellbrunn.ch\/index.php\/links\/#primaryimage"},"thumbnailUrl":"https:\/\/mg.schwellbrunn.ch\/wp-content\/uploads\/2023\/04\/link_schwellbrunn.png","datePublished":"2023-04-17T23:19:31+00:00","dateModified":"2023-05-05T21:43:23+00:00","description":"Verschiedene Links von unseren Sponsoren, G\u00f6nnern oder befreundeten Musikvereinen.","breadcrumb":{"@id":"https:\/\/mg.schwellbrunn.ch\/index.php\/links\/#breadcrumb"},"inLanguage":"de","potentialAction":[{"@type":"ReadAction","target":["https:\/\/mg.schwellbrunn.ch\/index.php\/links\/"]}]},{"@type":"ImageObject","inLanguage":"de","@id":"https:\/\/mg.schwellbrunn.ch\/index.php\/links\/#primaryimage","url":"https:\/\/mg.schwellbrunn.ch\/wp-content\/uploads\/2023\/04\/link_schwellbrunn.png","contentUrl":"https:\/\/mg.schwellbrunn.ch\/wp-content\/uploads\/2023\/04\/link_schwellbrunn.png","width":150,"height":150},{"@type":"BreadcrumbList","@id":"https:\/\/mg.schwellbrunn.ch\/index.php\/links\/#breadcrumb","itemListElement":[{"@type":"ListItem","position":1,"name":"Startseite","item":"https:\/\/mg.schwellbrunn.ch\/"},{"@type":"ListItem","position":2,"name":"Links"}]},{"@type":"WebSite","@id":"https:\/\/mg.schwellbrunn.ch\/#website","url":"https:\/\/mg.schwellbrunn.ch\/","name":"Musikgesellschaft Schwellbrunn","description":"","publisher":{"@id":"https:\/\/mg.schwellbrunn.ch\/#organization"},"potentialAction":[{"@type":"SearchAction","target":{"@type":"EntryPoint","urlTemplate":"https:\/\/mg.schwellbrunn.ch\/?s={search_term_string}"},"query-input":{"@type":"PropertyValueSpecification","valueRequired":true,"valueName":"search_term_string"}}],"inLanguage":"de"},{"@type":"Organization","@id":"https:\/\/mg.schwellbrunn.ch\/#organization","name":"Musikgesellschaft Schwellbrunn","url":"https:\/\/mg.schwellbrunn.ch\/","logo":{"@type":"ImageObject","inLanguage":"de","@id":"https:\/\/mg.schwellbrunn.ch\/#\/schema\/logo\/image\/","url":"https:\/\/mg.schwellbrunn.ch\/wp-content\/uploads\/2023\/04\/DefaultProfilePicture.jpg","contentUrl":"https:\/\/mg.schwellbrunn.ch\/wp-content\/uploads\/2023\/04\/DefaultProfilePicture.jpg","width":300,"height":300,"caption":"Musikgesellschaft Schwellbrunn"},"image":{"@id":"https:\/\/mg.schwellbrunn.ch\/#\/schema\/logo\/image\/"},"sameAs":["https:\/\/www.facebook.com\/MusikgesellschaftSchwellbrunn"]}]}},"_links":{"self":[{"href":"https:\/\/mg.schwellbrunn.ch\/index.php\/wp-json\/wp\/v2\/pages\/3589","targetHints":{"allow":["GET"]}}],"collection":[{"href":"https:\/\/mg.schwellbrunn.ch\/index.php\/wp-json\/wp\/v2\/pages"}],"about":[{"href":"https:\/\/mg.schwellbrunn.ch\/index.php\/wp-json\/wp\/v2\/types\/page"}],"author":[{"embeddable":true,"href":"https:\/\/mg.schwellbrunn.ch\/index.php\/wp-json\/wp\/v2\/users\/1"}],"replies":[{"embeddable":true,"href":"https:\/\/mg.schwellbrunn.ch\/index.php\/wp-json\/wp\/v2\/comments?post=3589"}],"version-history":[{"count":1,"href":"https:\/\/mg.schwellbrunn.ch\/index.php\/wp-json\/wp\/v2\/pages\/3589\/revisions"}],"predecessor-version":[{"id":4979,"href":"https:\/\/mg.schwellbrunn.ch\/index.php\/wp-json\/wp\/v2\/pages\/3589\/revisions\/4979"}],"wp:attachment":[{"href":"https:\/\/mg.schwellbrunn.ch\/index.php\/wp-json\/wp\/v2\/media?parent=3589"}],"curies":[{"name":"wp","href":"https:\/\/api.w.org\/{rel}","templated":true}]}}