{"id":3591,"date":"2023-04-18T01:20:13","date_gmt":"2023-04-17T23:20:13","guid":{"rendered":"https:\/\/mg.schwellbrunn.ch\/?page_id=3591"},"modified":"2024-01-24T16:45:59","modified_gmt":"2024-01-24T15:45:59","slug":"download","status":"publish","type":"page","link":"https:\/\/mg.schwellbrunn.ch\/index.php\/download\/","title":{"rendered":"Download"},"content":{"rendered":"\t\t<div data-elementor-type=\"wp-page\" data-elementor-id=\"3591\" class=\"elementor elementor-3591\" data-elementor-post-type=\"page\">\n\t\t\t\t\t\t<section class=\"elementor-section elementor-top-section elementor-element elementor-element-3364ed9 elementor-section-boxed elementor-section-height-default elementor-section-height-default\" data-id=\"3364ed9\" data-element_type=\"section\" data-e-type=\"section\" data-settings=\"{&quot;background_background&quot;:&quot;classic&quot;}\">\n\t\t\t\t\t\t\t<div class=\"elementor-background-overlay\"><\/div>\n\t\t\t\t\t\t\t<div class=\"elementor-container elementor-column-gap-default\">\n\t\t\t\t\t<div class=\"elementor-column elementor-col-100 elementor-top-column elementor-element elementor-element-b1b9537\" data-id=\"b1b9537\" data-element_type=\"column\" data-e-type=\"column\">\n\t\t\t<div class=\"elementor-widget-wrap\">\n\t\t\t\t\t\t\t<\/div>\n\t\t<\/div>\n\t\t\t\t\t<\/div>\n\t\t<\/section>\n\t\t\t\t<section class=\"elementor-section elementor-top-section elementor-element elementor-element-448a24f elementor-section-boxed elementor-section-height-default elementor-section-height-default\" data-id=\"448a24f\" data-element_type=\"section\" data-e-type=\"section\">\n\t\t\t\t\t\t<div class=\"elementor-container elementor-column-gap-default\">\n\t\t\t\t\t<div class=\"elementor-column elementor-col-100 elementor-top-column elementor-element elementor-element-15adc37\" data-id=\"15adc37\" data-element_type=\"column\" data-e-type=\"column\">\n\t\t\t<div class=\"elementor-widget-wrap elementor-element-populated\">\n\t\t\t\t\t\t<div class=\"elementor-element elementor-element-f962d1f elementor-widget elementor-widget-heading\" data-id=\"f962d1f\" data-element_type=\"widget\" data-e-type=\"widget\" data-widget_type=\"heading.default\">\n\t\t\t\t<div class=\"elementor-widget-container\">\n\t\t\t\t\t<h1 class=\"elementor-heading-title elementor-size-default\">Downloads<\/h1>\t\t\t\t<\/div>\n\t\t\t\t<\/div>\n\t\t\t\t\t<\/div>\n\t\t<\/div>\n\t\t\t\t\t<\/div>\n\t\t<\/section>\n\t\t\t\t<section class=\"elementor-section elementor-top-section elementor-element elementor-element-7d98a46 elementor-section-boxed elementor-section-height-default elementor-section-height-default\" data-id=\"7d98a46\" data-element_type=\"section\" data-e-type=\"section\">\n\t\t\t\t\t\t<div class=\"elementor-container elementor-column-gap-default\">\n\t\t\t\t\t<div class=\"elementor-column elementor-col-100 elementor-top-column elementor-element elementor-element-e5aa4c2\" data-id=\"e5aa4c2\" data-element_type=\"column\" data-e-type=\"column\">\n\t\t\t<div class=\"elementor-widget-wrap elementor-element-populated\">\n\t\t\t\t\t\t<div class=\"elementor-element elementor-element-857b5c0 elementor-widget elementor-widget-accordion\" data-id=\"857b5c0\" data-element_type=\"widget\" data-e-type=\"widget\" data-widget_type=\"accordion.default\">\n\t\t\t\t<div class=\"elementor-widget-container\">\n\t\t\t\t\t\t\t<div class=\"elementor-accordion\">\n\t\t\t\t\t\t\t<div class=\"elementor-accordion-item\">\n\t\t\t\t\t<div id=\"elementor-tab-title-1391\" class=\"elementor-tab-title\" data-tab=\"1\" role=\"button\" aria-controls=\"elementor-tab-content-1391\" aria-expanded=\"false\">\n\t\t\t\t\t\t\t\t\t\t\t\t\t<span class=\"elementor-accordion-icon elementor-accordion-icon-left\" aria-hidden=\"true\">\n\t\t\t\t\t\t\t\t\t\t\t\t\t\t\t<span class=\"elementor-accordion-icon-closed\"><i class=\"fas fa-plus\"><\/i><\/span>\n\t\t\t\t\t\t\t\t<span class=\"elementor-accordion-icon-opened\"><i class=\"fas fa-minus\"><\/i><\/span>\n\t\t\t\t\t\t\t\t\t\t\t\t\t\t<\/span>\n\t\t\t\t\t\t\t\t\t\t\t\t<a class=\"elementor-accordion-title\" tabindex=\"0\">Jugendf\u00f6rderung<\/a>\n\t\t\t\t\t<\/div>\n\t\t\t\t\t<div id=\"elementor-tab-content-1391\" class=\"elementor-tab-content elementor-clearfix\" data-tab=\"1\" role=\"region\" aria-labelledby=\"elementor-tab-title-1391\"><p><a href=\"https:\/\/mg.schwellbrunn.ch\/wp-content\/uploads\/2023\/04\/Nachwuchsfoerderungs-Reglement.pdf\" target=\"_blank\" rel=\"noopener\">Nachwuchsfoerderungs-Reglement<\/a><\/p><p><a href=\"https:\/\/mg.schwellbrunn.ch\/wp-content\/uploads\/2023\/04\/Anmeldeformular-Musikschule-Herisau.pdf\" target=\"_blank\" rel=\"noopener\">Anmeldeformular-Musikschule-Herisau<\/a><\/p><\/div>\n\t\t\t\t<\/div>\n\t\t\t\t\t\t\t<div class=\"elementor-accordion-item\">\n\t\t\t\t\t<div id=\"elementor-tab-title-1392\" class=\"elementor-tab-title\" data-tab=\"2\" role=\"button\" aria-controls=\"elementor-tab-content-1392\" aria-expanded=\"false\">\n\t\t\t\t\t\t\t\t\t\t\t\t\t<span class=\"elementor-accordion-icon elementor-accordion-icon-left\" aria-hidden=\"true\">\n\t\t\t\t\t\t\t\t\t\t\t\t\t\t\t<span class=\"elementor-accordion-icon-closed\"><i class=\"fas fa-plus\"><\/i><\/span>\n\t\t\t\t\t\t\t\t<span class=\"elementor-accordion-icon-opened\"><i class=\"fas fa-minus\"><\/i><\/span>\n\t\t\t\t\t\t\t\t\t\t\t\t\t\t<\/span>\n\t\t\t\t\t\t\t\t\t\t\t\t<a class=\"elementor-accordion-title\" tabindex=\"0\">Verein <\/a>\n\t\t\t\t\t<\/div>\n\t\t\t\t\t<div id=\"elementor-tab-content-1392\" class=\"elementor-tab-content elementor-clearfix\" data-tab=\"2\" role=\"region\" aria-labelledby=\"elementor-tab-title-1392\"><p><a href=\"https:\/\/mg.schwellbrunn.ch\/wp-content\/uploads\/2023\/04\/Statuten.pdf\" target=\"_blank\" rel=\"noopener\">Statuten<\/a><\/p><p><a href=\"https:\/\/mg.schwellbrunn.ch\/wp-content\/uploads\/2024\/01\/Jahresprogramm-2024.pdf\">Jahresprogramm<\/a><\/p><\/div>\n\t\t\t\t<\/div>\n\t\t\t\t\t\t\t\t<\/div>\n\t\t\t\t\t\t<\/div>\n\t\t\t\t<\/div>\n\t\t\t\t\t<\/div>\n\t\t<\/div>\n\t\t\t\t\t<\/div>\n\t\t<\/section>\n\t\t\t\t<\/div>\n\t\t","protected":false},"excerpt":{"rendered":"<p>Downloads Jugendf\u00f6rderung Nachwuchsfoerderungs-Reglement Anmeldeformular-Musikschule-Herisau Verein Statuten Jahresprogramm<\/p>\n","protected":false},"author":1,"featured_media":0,"parent":0,"menu_order":0,"comment_status":"closed","ping_status":"closed","template":"elementor_header_footer","meta":{"footnotes":""},"class_list":["post-3591","page","type-page","status-publish","hentry"],"yoast_head":"<!-- This site is optimized with the Yoast SEO plugin v27.4 - https:\/\/yoast.com\/product\/yoast-seo-wordpress\/ -->\n<title>Download - Musikgesellschaft Schwellbrunn<\/title>\n<meta name=\"description\" content=\"Downloadbereich wo verschiedene Dokumente \u00fcber uns heruntergeladen werden k\u00f6nnen. Hier ist auch Anmeldeformular f\u00fcr Jungmusikanten zu finden.\" \/>\n<meta name=\"robots\" content=\"index, follow, max-snippet:-1, max-image-preview:large, max-video-preview:-1\" \/>\n<link rel=\"canonical\" href=\"https:\/\/mg.schwellbrunn.ch\/index.php\/download\/\" \/>\n<meta property=\"og:locale\" content=\"de_DE\" \/>\n<meta property=\"og:type\" content=\"article\" \/>\n<meta property=\"og:title\" content=\"Download - Musikgesellschaft Schwellbrunn\" \/>\n<meta property=\"og:description\" content=\"Downloadbereich wo verschiedene Dokumente \u00fcber uns heruntergeladen werden k\u00f6nnen. Hier ist auch Anmeldeformular f\u00fcr Jungmusikanten zu finden.\" \/>\n<meta property=\"og:url\" content=\"https:\/\/mg.schwellbrunn.ch\/index.php\/download\/\" \/>\n<meta property=\"og:site_name\" content=\"Musikgesellschaft Schwellbrunn\" \/>\n<meta property=\"article:publisher\" content=\"https:\/\/www.facebook.com\/MusikgesellschaftSchwellbrunn\" \/>\n<meta property=\"article:modified_time\" content=\"2024-01-24T15:45:59+00:00\" \/>\n<meta property=\"og:image\" content=\"https:\/\/mg.schwellbrunn.ch\/wp-content\/uploads\/2023\/05\/Yoast-Fallback.jpg\" \/>\n\t<meta property=\"og:image:width\" content=\"1200\" \/>\n\t<meta property=\"og:image:height\" content=\"675\" \/>\n\t<meta property=\"og:image:type\" content=\"image\/jpeg\" \/>\n<meta name=\"twitter:card\" content=\"summary_large_image\" \/>\n<meta name=\"twitter:label1\" content=\"Gesch\u00e4tzte Lesezeit\" \/>\n\t<meta name=\"twitter:data1\" content=\"1\u00a0Minute\" \/>\n<script type=\"application\/ld+json\" class=\"yoast-schema-graph\">{\"@context\":\"https:\\\/\\\/schema.org\",\"@graph\":[{\"@type\":\"WebPage\",\"@id\":\"https:\\\/\\\/mg.schwellbrunn.ch\\\/index.php\\\/download\\\/\",\"url\":\"https:\\\/\\\/mg.schwellbrunn.ch\\\/index.php\\\/download\\\/\",\"name\":\"Download - Musikgesellschaft Schwellbrunn\",\"isPartOf\":{\"@id\":\"https:\\\/\\\/mg.schwellbrunn.ch\\\/#website\"},\"datePublished\":\"2023-04-17T23:20:13+00:00\",\"dateModified\":\"2024-01-24T15:45:59+00:00\",\"description\":\"Downloadbereich wo verschiedene Dokumente \u00fcber uns heruntergeladen werden k\u00f6nnen. Hier ist auch Anmeldeformular f\u00fcr Jungmusikanten zu finden.\",\"breadcrumb\":{\"@id\":\"https:\\\/\\\/mg.schwellbrunn.ch\\\/index.php\\\/download\\\/#breadcrumb\"},\"inLanguage\":\"de\",\"potentialAction\":[{\"@type\":\"ReadAction\",\"target\":[\"https:\\\/\\\/mg.schwellbrunn.ch\\\/index.php\\\/download\\\/\"]}]},{\"@type\":\"BreadcrumbList\",\"@id\":\"https:\\\/\\\/mg.schwellbrunn.ch\\\/index.php\\\/download\\\/#breadcrumb\",\"itemListElement\":[{\"@type\":\"ListItem\",\"position\":1,\"name\":\"Startseite\",\"item\":\"https:\\\/\\\/mg.schwellbrunn.ch\\\/\"},{\"@type\":\"ListItem\",\"position\":2,\"name\":\"Download\"}]},{\"@type\":\"WebSite\",\"@id\":\"https:\\\/\\\/mg.schwellbrunn.ch\\\/#website\",\"url\":\"https:\\\/\\\/mg.schwellbrunn.ch\\\/\",\"name\":\"Musikgesellschaft Schwellbrunn\",\"description\":\"\",\"publisher\":{\"@id\":\"https:\\\/\\\/mg.schwellbrunn.ch\\\/#organization\"},\"potentialAction\":[{\"@type\":\"SearchAction\",\"target\":{\"@type\":\"EntryPoint\",\"urlTemplate\":\"https:\\\/\\\/mg.schwellbrunn.ch\\\/?s={search_term_string}\"},\"query-input\":{\"@type\":\"PropertyValueSpecification\",\"valueRequired\":true,\"valueName\":\"search_term_string\"}}],\"inLanguage\":\"de\"},{\"@type\":\"Organization\",\"@id\":\"https:\\\/\\\/mg.schwellbrunn.ch\\\/#organization\",\"name\":\"Musikgesellschaft Schwellbrunn\",\"url\":\"https:\\\/\\\/mg.schwellbrunn.ch\\\/\",\"logo\":{\"@type\":\"ImageObject\",\"inLanguage\":\"de\",\"@id\":\"https:\\\/\\\/mg.schwellbrunn.ch\\\/#\\\/schema\\\/logo\\\/image\\\/\",\"url\":\"https:\\\/\\\/mg.schwellbrunn.ch\\\/wp-content\\\/uploads\\\/2023\\\/04\\\/DefaultProfilePicture.jpg\",\"contentUrl\":\"https:\\\/\\\/mg.schwellbrunn.ch\\\/wp-content\\\/uploads\\\/2023\\\/04\\\/DefaultProfilePicture.jpg\",\"width\":300,\"height\":300,\"caption\":\"Musikgesellschaft Schwellbrunn\"},\"image\":{\"@id\":\"https:\\\/\\\/mg.schwellbrunn.ch\\\/#\\\/schema\\\/logo\\\/image\\\/\"},\"sameAs\":[\"https:\\\/\\\/www.facebook.com\\\/MusikgesellschaftSchwellbrunn\"]}]}<\/script>\n<!-- \/ Yoast SEO plugin. -->","yoast_head_json":{"title":"Download - Musikgesellschaft Schwellbrunn","description":"Downloadbereich wo verschiedene Dokumente \u00fcber uns heruntergeladen werden k\u00f6nnen. Hier ist auch Anmeldeformular f\u00fcr Jungmusikanten zu finden.","robots":{"index":"index","follow":"follow","max-snippet":"max-snippet:-1","max-image-preview":"max-image-preview:large","max-video-preview":"max-video-preview:-1"},"canonical":"https:\/\/mg.schwellbrunn.ch\/index.php\/download\/","og_locale":"de_DE","og_type":"article","og_title":"Download - Musikgesellschaft Schwellbrunn","og_description":"Downloadbereich wo verschiedene Dokumente \u00fcber uns heruntergeladen werden k\u00f6nnen. Hier ist auch Anmeldeformular f\u00fcr Jungmusikanten zu finden.","og_url":"https:\/\/mg.schwellbrunn.ch\/index.php\/download\/","og_site_name":"Musikgesellschaft Schwellbrunn","article_publisher":"https:\/\/www.facebook.com\/MusikgesellschaftSchwellbrunn","article_modified_time":"2024-01-24T15:45:59+00:00","og_image":[{"width":1200,"height":675,"url":"https:\/\/mg.schwellbrunn.ch\/wp-content\/uploads\/2023\/05\/Yoast-Fallback.jpg","type":"image\/jpeg"}],"twitter_card":"summary_large_image","twitter_misc":{"Gesch\u00e4tzte Lesezeit":"1\u00a0Minute"},"schema":{"@context":"https:\/\/schema.org","@graph":[{"@type":"WebPage","@id":"https:\/\/mg.schwellbrunn.ch\/index.php\/download\/","url":"https:\/\/mg.schwellbrunn.ch\/index.php\/download\/","name":"Download - Musikgesellschaft Schwellbrunn","isPartOf":{"@id":"https:\/\/mg.schwellbrunn.ch\/#website"},"datePublished":"2023-04-17T23:20:13+00:00","dateModified":"2024-01-24T15:45:59+00:00","description":"Downloadbereich wo verschiedene Dokumente \u00fcber uns heruntergeladen werden k\u00f6nnen. Hier ist auch Anmeldeformular f\u00fcr Jungmusikanten zu finden.","breadcrumb":{"@id":"https:\/\/mg.schwellbrunn.ch\/index.php\/download\/#breadcrumb"},"inLanguage":"de","potentialAction":[{"@type":"ReadAction","target":["https:\/\/mg.schwellbrunn.ch\/index.php\/download\/"]}]},{"@type":"BreadcrumbList","@id":"https:\/\/mg.schwellbrunn.ch\/index.php\/download\/#breadcrumb","itemListElement":[{"@type":"ListItem","position":1,"name":"Startseite","item":"https:\/\/mg.schwellbrunn.ch\/"},{"@type":"ListItem","position":2,"name":"Download"}]},{"@type":"WebSite","@id":"https:\/\/mg.schwellbrunn.ch\/#website","url":"https:\/\/mg.schwellbrunn.ch\/","name":"Musikgesellschaft Schwellbrunn","description":"","publisher":{"@id":"https:\/\/mg.schwellbrunn.ch\/#organization"},"potentialAction":[{"@type":"SearchAction","target":{"@type":"EntryPoint","urlTemplate":"https:\/\/mg.schwellbrunn.ch\/?s={search_term_string}"},"query-input":{"@type":"PropertyValueSpecification","valueRequired":true,"valueName":"search_term_string"}}],"inLanguage":"de"},{"@type":"Organization","@id":"https:\/\/mg.schwellbrunn.ch\/#organization","name":"Musikgesellschaft Schwellbrunn","url":"https:\/\/mg.schwellbrunn.ch\/","logo":{"@type":"ImageObject","inLanguage":"de","@id":"https:\/\/mg.schwellbrunn.ch\/#\/schema\/logo\/image\/","url":"https:\/\/mg.schwellbrunn.ch\/wp-content\/uploads\/2023\/04\/DefaultProfilePicture.jpg","contentUrl":"https:\/\/mg.schwellbrunn.ch\/wp-content\/uploads\/2023\/04\/DefaultProfilePicture.jpg","width":300,"height":300,"caption":"Musikgesellschaft Schwellbrunn"},"image":{"@id":"https:\/\/mg.schwellbrunn.ch\/#\/schema\/logo\/image\/"},"sameAs":["https:\/\/www.facebook.com\/MusikgesellschaftSchwellbrunn"]}]}},"_links":{"self":[{"href":"https:\/\/mg.schwellbrunn.ch\/index.php\/wp-json\/wp\/v2\/pages\/3591","targetHints":{"allow":["GET"]}}],"collection":[{"href":"https:\/\/mg.schwellbrunn.ch\/index.php\/wp-json\/wp\/v2\/pages"}],"about":[{"href":"https:\/\/mg.schwellbrunn.ch\/index.php\/wp-json\/wp\/v2\/types\/page"}],"author":[{"embeddable":true,"href":"https:\/\/mg.schwellbrunn.ch\/index.php\/wp-json\/wp\/v2\/users\/1"}],"replies":[{"embeddable":true,"href":"https:\/\/mg.schwellbrunn.ch\/index.php\/wp-json\/wp\/v2\/comments?post=3591"}],"version-history":[{"count":4,"href":"https:\/\/mg.schwellbrunn.ch\/index.php\/wp-json\/wp\/v2\/pages\/3591\/revisions"}],"predecessor-version":[{"id":5213,"href":"https:\/\/mg.schwellbrunn.ch\/index.php\/wp-json\/wp\/v2\/pages\/3591\/revisions\/5213"}],"wp:attachment":[{"href":"https:\/\/mg.schwellbrunn.ch\/index.php\/wp-json\/wp\/v2\/media?parent=3591"}],"curies":[{"name":"wp","href":"https:\/\/api.w.org\/{rel}","templated":true}]}}