{"id":4442,"date":"2023-04-21T16:08:01","date_gmt":"2023-04-21T14:08:01","guid":{"rendered":"https:\/\/mg.schwellbrunn.ch\/?page_id=4442"},"modified":"2023-05-05T23:37:28","modified_gmt":"2023-05-05T21:37:28","slug":"impressum","status":"publish","type":"page","link":"https:\/\/mg.schwellbrunn.ch\/index.php\/impressum\/","title":{"rendered":"Impressum"},"content":{"rendered":"\t\t<div data-elementor-type=\"wp-page\" data-elementor-id=\"4442\" class=\"elementor elementor-4442\" data-elementor-post-type=\"page\">\n\t\t\t\t\t\t<section class=\"elementor-section elementor-top-section elementor-element elementor-element-53539a2 elementor-section-boxed elementor-section-height-default elementor-section-height-default\" data-id=\"53539a2\" data-element_type=\"section\" data-e-type=\"section\" data-settings=\"{&quot;background_background&quot;:&quot;classic&quot;}\">\n\t\t\t\t\t\t\t<div class=\"elementor-background-overlay\"><\/div>\n\t\t\t\t\t\t\t<div class=\"elementor-container elementor-column-gap-default\">\n\t\t\t\t\t<div class=\"elementor-column elementor-col-100 elementor-top-column elementor-element elementor-element-b6887f7\" data-id=\"b6887f7\" data-element_type=\"column\" data-e-type=\"column\">\n\t\t\t<div class=\"elementor-widget-wrap\">\n\t\t\t\t\t\t\t<\/div>\n\t\t<\/div>\n\t\t\t\t\t<\/div>\n\t\t<\/section>\n\t\t\t\t<section class=\"elementor-section elementor-top-section elementor-element elementor-element-35d3a86 elementor-section-boxed elementor-section-height-default elementor-section-height-default\" data-id=\"35d3a86\" data-element_type=\"section\" data-e-type=\"section\">\n\t\t\t\t\t\t<div class=\"elementor-container elementor-column-gap-default\">\n\t\t\t\t\t<div class=\"elementor-column elementor-col-100 elementor-top-column elementor-element elementor-element-2cfbceb\" data-id=\"2cfbceb\" data-element_type=\"column\" data-e-type=\"column\">\n\t\t\t<div class=\"elementor-widget-wrap elementor-element-populated\">\n\t\t\t\t\t\t<div class=\"elementor-element elementor-element-3952957 elementor-widget elementor-widget-heading\" data-id=\"3952957\" data-element_type=\"widget\" data-e-type=\"widget\" data-widget_type=\"heading.default\">\n\t\t\t\t<div class=\"elementor-widget-container\">\n\t\t\t\t\t<h1 class=\"elementor-heading-title elementor-size-default\">Impressum<\/h1>\t\t\t\t<\/div>\n\t\t\t\t<\/div>\n\t\t\t\t<div class=\"elementor-element elementor-element-5b247f8 elementor-widget elementor-widget-heading\" data-id=\"5b247f8\" data-element_type=\"widget\" data-e-type=\"widget\" data-widget_type=\"heading.default\">\n\t\t\t\t<div class=\"elementor-widget-container\">\n\t\t\t\t\t<h4 class=\"elementor-heading-title elementor-size-default\">Verantwortlich f\u00fcr den Inhalt der Seiten<\/h4>\t\t\t\t<\/div>\n\t\t\t\t<\/div>\n\t\t\t\t<div class=\"elementor-element elementor-element-124c561 elementor-widget elementor-widget-text-editor\" data-id=\"124c561\" data-element_type=\"widget\" data-e-type=\"widget\" data-widget_type=\"text-editor.default\">\n\t\t\t\t<div class=\"elementor-widget-container\">\n\t\t\t\t\t\t\t\t\tMusikgesellschaft Schwellbrunn\n\n\t\t\t\t\t\t\t\t<\/div>\n\t\t\t\t<\/div>\n\t\t\t\t<div class=\"elementor-element elementor-element-baf01c4 elementor-widget elementor-widget-heading\" data-id=\"baf01c4\" data-element_type=\"widget\" data-e-type=\"widget\" data-widget_type=\"heading.default\">\n\t\t\t\t<div class=\"elementor-widget-container\">\n\t\t\t\t\t<h4 class=\"elementor-heading-title elementor-size-default\">Copyright<\/h4>\t\t\t\t<\/div>\n\t\t\t\t<\/div>\n\t\t\t\t<div class=\"elementor-element elementor-element-5c10edc elementor-widget elementor-widget-text-editor\" data-id=\"5c10edc\" data-element_type=\"widget\" data-e-type=\"widget\" data-widget_type=\"text-editor.default\">\n\t\t\t\t<div class=\"elementor-widget-container\">\n\t\t\t\t\t\t\t\t\tDas Copyright f\u00fcr s\u00e4mtliche Inhalte dieser Website liegt bei der Musikgesellschaft Schwellbrunn.\t\t\t\t\t\t\t\t<\/div>\n\t\t\t\t<\/div>\n\t\t\t\t<div class=\"elementor-element elementor-element-32d25cf elementor-widget elementor-widget-heading\" data-id=\"32d25cf\" data-element_type=\"widget\" data-e-type=\"widget\" data-widget_type=\"heading.default\">\n\t\t\t\t<div class=\"elementor-widget-container\">\n\t\t\t\t\t<h4 class=\"elementor-heading-title elementor-size-default\">Disclaimer<\/h4>\t\t\t\t<\/div>\n\t\t\t\t<\/div>\n\t\t\t\t<div class=\"elementor-element elementor-element-bad6591 elementor-widget elementor-widget-text-editor\" data-id=\"bad6591\" data-element_type=\"widget\" data-e-type=\"widget\" data-widget_type=\"text-editor.default\">\n\t\t\t\t<div class=\"elementor-widget-container\">\n\t\t\t\t\t\t\t\t\tAlle Texte und Links wurden sorgf\u00e4ltig gepr\u00fcft und werden laufend aktualisiert. Wir sind bem\u00fcht, richtige und vollst\u00e4ndige Informationen auf dieser Website bereitzustellen, \u00fcbernehmen aber keinerlei Verantwortung, Garantien oder Haftung daf\u00fcr, dass die durch diese Website bereitgestellten Informationen, richtig, vollst\u00e4ndig oder aktuell sind. Wir behalten uns das Recht vor, jederzeit und ohne Vorank\u00fcndigung die Informationen auf dieser Website zu \u00e4ndern und verpflichten uns auch nicht, die enthaltenen Informationen zu aktualisieren. Alle Links zu externen Anbietern wurden zum Zeitpunkt ihrer Aufnahme auf ihre Richtigkeit \u00fcberpr\u00fcft, dennoch haften wir nicht f\u00fcr Inhalte und Verf\u00fcgbarkeit von Websites, die mittels Hyperlinks zu erreichen sind. F\u00fcr illegale, fehlerhafte oder unvollst\u00e4ndige Inhalte und insbesondere f\u00fcr Sch\u00e4den, die durch Inhalte verkn\u00fcpfter Seiten entstehen, haftet allein der Anbieter der Seite, auf welche verwiesen wurde. Dabei ist es gleichg\u00fcltig, ob der Schaden direkter, indirekter oder finanzieller Natur ist oder ein sonstiger Schaden vorliegt, der sich aus Datenverlust, Nutzungsausfall oder anderen Gr\u00fcnden aller Art ergeben k\u00f6nnte.\t\t\t\t\t\t\t\t<\/div>\n\t\t\t\t<\/div>\n\t\t\t\t<div class=\"elementor-element elementor-element-730af5a elementor-widget elementor-widget-heading\" data-id=\"730af5a\" data-element_type=\"widget\" data-e-type=\"widget\" data-widget_type=\"heading.default\">\n\t\t\t\t<div class=\"elementor-widget-container\">\n\t\t\t\t\t<h4 class=\"elementor-heading-title elementor-size-default\">Datenschutz<\/h4>\t\t\t\t<\/div>\n\t\t\t\t<\/div>\n\t\t\t\t<div class=\"elementor-element elementor-element-3ea1428 elementor-widget elementor-widget-text-editor\" data-id=\"3ea1428\" data-element_type=\"widget\" data-e-type=\"widget\" data-widget_type=\"text-editor.default\">\n\t\t\t\t<div class=\"elementor-widget-container\">\n\t\t\t\t\t\t\t\t\tF\u00fcr die Sicherheit der Daten\u00fcbertragung im Internet k\u00f6nnen wir keine Gew\u00e4hr \u00fcbernehmen, insbesondere besteht bei der \u00dcbertragung von Daten per E-Mail die Gefahr des Zugriffs durch Dritte.Einer Nutzung der im Impressum ver\u00f6ffentlichten Kontaktdaten durch Dritte zu Werbezwecken wird hiermit ausdr\u00fccklich widersprochen. Der Betreiber beh\u00e4lt sich f\u00fcr den Fall unverlangt zugesandter Werbe- oder Informationsmaterialien ausdr\u00fccklich rechtliche Schritte vor.Sollten einzelne Regelungen oder Formulierungen dieses Haftungsausschlusses unwirksam sein oder werden, bleiben die \u00fcbrigen Regelungen in ihrem Inhalt und ihrer G\u00fcltigkeit hiervon unber\u00fchrt.\n\n\t\t\t\t\t\t\t\t<\/div>\n\t\t\t\t<\/div>\n\t\t\t\t\t<\/div>\n\t\t<\/div>\n\t\t\t\t\t<\/div>\n\t\t<\/section>\n\t\t\t\t<\/div>\n\t\t","protected":false},"excerpt":{"rendered":"<p>Impressum Verantwortlich f\u00fcr den Inhalt der Seiten Musikgesellschaft Schwellbrunn Copyright Das Copyright f\u00fcr s\u00e4mtliche Inhalte dieser Website liegt bei der Musikgesellschaft Schwellbrunn. Disclaimer Alle Texte und Links wurden sorgf\u00e4ltig gepr\u00fcft und werden laufend aktualisiert. Wir sind bem\u00fcht, richtige und vollst\u00e4ndige Informationen auf dieser Website bereitzustellen, \u00fcbernehmen aber keinerlei Verantwortung, Garantien oder Haftung daf\u00fcr, dass die [&hellip;]<\/p>\n","protected":false},"author":1,"featured_media":0,"parent":0,"menu_order":0,"comment_status":"closed","ping_status":"closed","template":"elementor_header_footer","meta":{"footnotes":""},"class_list":["post-4442","page","type-page","status-publish","hentry"],"yoast_head":"<!-- This site is optimized with the Yoast SEO plugin v27.4 - https:\/\/yoast.com\/product\/yoast-seo-wordpress\/ -->\n<title>Impressum - Musikgesellschaft Schwellbrunn<\/title>\n<meta name=\"description\" content=\"N\u00fctzliche und transparente Informationen \u00fcber das Copyright und den Datenschutz, die bei dieser Webseite gelten.\" \/>\n<meta name=\"robots\" content=\"index, follow, max-snippet:-1, max-image-preview:large, max-video-preview:-1\" \/>\n<link rel=\"canonical\" href=\"https:\/\/mg.schwellbrunn.ch\/index.php\/impressum\/\" \/>\n<meta property=\"og:locale\" content=\"de_DE\" \/>\n<meta property=\"og:type\" content=\"article\" \/>\n<meta property=\"og:title\" content=\"Impressum - Musikgesellschaft Schwellbrunn\" \/>\n<meta property=\"og:description\" content=\"N\u00fctzliche und transparente Informationen \u00fcber das Copyright und den Datenschutz, die bei dieser Webseite gelten.\" \/>\n<meta property=\"og:url\" content=\"https:\/\/mg.schwellbrunn.ch\/index.php\/impressum\/\" \/>\n<meta property=\"og:site_name\" content=\"Musikgesellschaft Schwellbrunn\" \/>\n<meta property=\"article:publisher\" content=\"https:\/\/www.facebook.com\/MusikgesellschaftSchwellbrunn\" \/>\n<meta property=\"article:modified_time\" content=\"2023-05-05T21:37:28+00:00\" \/>\n<meta property=\"og:image\" content=\"https:\/\/mg.schwellbrunn.ch\/wp-content\/uploads\/2023\/05\/Yoast-Fallback.jpg\" \/>\n\t<meta property=\"og:image:width\" content=\"1200\" \/>\n\t<meta property=\"og:image:height\" content=\"675\" \/>\n\t<meta property=\"og:image:type\" content=\"image\/jpeg\" \/>\n<meta name=\"twitter:card\" content=\"summary_large_image\" \/>\n<meta name=\"twitter:label1\" content=\"Gesch\u00e4tzte Lesezeit\" \/>\n\t<meta name=\"twitter:data1\" content=\"2\u00a0Minuten\" \/>\n<script type=\"application\/ld+json\" class=\"yoast-schema-graph\">{\"@context\":\"https:\\\/\\\/schema.org\",\"@graph\":[{\"@type\":\"WebPage\",\"@id\":\"https:\\\/\\\/mg.schwellbrunn.ch\\\/index.php\\\/impressum\\\/\",\"url\":\"https:\\\/\\\/mg.schwellbrunn.ch\\\/index.php\\\/impressum\\\/\",\"name\":\"Impressum - Musikgesellschaft Schwellbrunn\",\"isPartOf\":{\"@id\":\"https:\\\/\\\/mg.schwellbrunn.ch\\\/#website\"},\"datePublished\":\"2023-04-21T14:08:01+00:00\",\"dateModified\":\"2023-05-05T21:37:28+00:00\",\"description\":\"N\u00fctzliche und transparente Informationen \u00fcber das Copyright und den Datenschutz, die bei dieser Webseite gelten.\",\"breadcrumb\":{\"@id\":\"https:\\\/\\\/mg.schwellbrunn.ch\\\/index.php\\\/impressum\\\/#breadcrumb\"},\"inLanguage\":\"de\",\"potentialAction\":[{\"@type\":\"ReadAction\",\"target\":[\"https:\\\/\\\/mg.schwellbrunn.ch\\\/index.php\\\/impressum\\\/\"]}]},{\"@type\":\"BreadcrumbList\",\"@id\":\"https:\\\/\\\/mg.schwellbrunn.ch\\\/index.php\\\/impressum\\\/#breadcrumb\",\"itemListElement\":[{\"@type\":\"ListItem\",\"position\":1,\"name\":\"Startseite\",\"item\":\"https:\\\/\\\/mg.schwellbrunn.ch\\\/\"},{\"@type\":\"ListItem\",\"position\":2,\"name\":\"Impressum\"}]},{\"@type\":\"WebSite\",\"@id\":\"https:\\\/\\\/mg.schwellbrunn.ch\\\/#website\",\"url\":\"https:\\\/\\\/mg.schwellbrunn.ch\\\/\",\"name\":\"Musikgesellschaft Schwellbrunn\",\"description\":\"\",\"publisher\":{\"@id\":\"https:\\\/\\\/mg.schwellbrunn.ch\\\/#organization\"},\"potentialAction\":[{\"@type\":\"SearchAction\",\"target\":{\"@type\":\"EntryPoint\",\"urlTemplate\":\"https:\\\/\\\/mg.schwellbrunn.ch\\\/?s={search_term_string}\"},\"query-input\":{\"@type\":\"PropertyValueSpecification\",\"valueRequired\":true,\"valueName\":\"search_term_string\"}}],\"inLanguage\":\"de\"},{\"@type\":\"Organization\",\"@id\":\"https:\\\/\\\/mg.schwellbrunn.ch\\\/#organization\",\"name\":\"Musikgesellschaft Schwellbrunn\",\"url\":\"https:\\\/\\\/mg.schwellbrunn.ch\\\/\",\"logo\":{\"@type\":\"ImageObject\",\"inLanguage\":\"de\",\"@id\":\"https:\\\/\\\/mg.schwellbrunn.ch\\\/#\\\/schema\\\/logo\\\/image\\\/\",\"url\":\"https:\\\/\\\/mg.schwellbrunn.ch\\\/wp-content\\\/uploads\\\/2023\\\/04\\\/DefaultProfilePicture.jpg\",\"contentUrl\":\"https:\\\/\\\/mg.schwellbrunn.ch\\\/wp-content\\\/uploads\\\/2023\\\/04\\\/DefaultProfilePicture.jpg\",\"width\":300,\"height\":300,\"caption\":\"Musikgesellschaft Schwellbrunn\"},\"image\":{\"@id\":\"https:\\\/\\\/mg.schwellbrunn.ch\\\/#\\\/schema\\\/logo\\\/image\\\/\"},\"sameAs\":[\"https:\\\/\\\/www.facebook.com\\\/MusikgesellschaftSchwellbrunn\"]}]}<\/script>\n<!-- \/ Yoast SEO plugin. -->","yoast_head_json":{"title":"Impressum - Musikgesellschaft Schwellbrunn","description":"N\u00fctzliche und transparente Informationen \u00fcber das Copyright und den Datenschutz, die bei dieser Webseite gelten.","robots":{"index":"index","follow":"follow","max-snippet":"max-snippet:-1","max-image-preview":"max-image-preview:large","max-video-preview":"max-video-preview:-1"},"canonical":"https:\/\/mg.schwellbrunn.ch\/index.php\/impressum\/","og_locale":"de_DE","og_type":"article","og_title":"Impressum - Musikgesellschaft Schwellbrunn","og_description":"N\u00fctzliche und transparente Informationen \u00fcber das Copyright und den Datenschutz, die bei dieser Webseite gelten.","og_url":"https:\/\/mg.schwellbrunn.ch\/index.php\/impressum\/","og_site_name":"Musikgesellschaft Schwellbrunn","article_publisher":"https:\/\/www.facebook.com\/MusikgesellschaftSchwellbrunn","article_modified_time":"2023-05-05T21:37:28+00:00","og_image":[{"width":1200,"height":675,"url":"https:\/\/mg.schwellbrunn.ch\/wp-content\/uploads\/2023\/05\/Yoast-Fallback.jpg","type":"image\/jpeg"}],"twitter_card":"summary_large_image","twitter_misc":{"Gesch\u00e4tzte Lesezeit":"2\u00a0Minuten"},"schema":{"@context":"https:\/\/schema.org","@graph":[{"@type":"WebPage","@id":"https:\/\/mg.schwellbrunn.ch\/index.php\/impressum\/","url":"https:\/\/mg.schwellbrunn.ch\/index.php\/impressum\/","name":"Impressum - Musikgesellschaft Schwellbrunn","isPartOf":{"@id":"https:\/\/mg.schwellbrunn.ch\/#website"},"datePublished":"2023-04-21T14:08:01+00:00","dateModified":"2023-05-05T21:37:28+00:00","description":"N\u00fctzliche und transparente Informationen \u00fcber das Copyright und den Datenschutz, die bei dieser Webseite gelten.","breadcrumb":{"@id":"https:\/\/mg.schwellbrunn.ch\/index.php\/impressum\/#breadcrumb"},"inLanguage":"de","potentialAction":[{"@type":"ReadAction","target":["https:\/\/mg.schwellbrunn.ch\/index.php\/impressum\/"]}]},{"@type":"BreadcrumbList","@id":"https:\/\/mg.schwellbrunn.ch\/index.php\/impressum\/#breadcrumb","itemListElement":[{"@type":"ListItem","position":1,"name":"Startseite","item":"https:\/\/mg.schwellbrunn.ch\/"},{"@type":"ListItem","position":2,"name":"Impressum"}]},{"@type":"WebSite","@id":"https:\/\/mg.schwellbrunn.ch\/#website","url":"https:\/\/mg.schwellbrunn.ch\/","name":"Musikgesellschaft Schwellbrunn","description":"","publisher":{"@id":"https:\/\/mg.schwellbrunn.ch\/#organization"},"potentialAction":[{"@type":"SearchAction","target":{"@type":"EntryPoint","urlTemplate":"https:\/\/mg.schwellbrunn.ch\/?s={search_term_string}"},"query-input":{"@type":"PropertyValueSpecification","valueRequired":true,"valueName":"search_term_string"}}],"inLanguage":"de"},{"@type":"Organization","@id":"https:\/\/mg.schwellbrunn.ch\/#organization","name":"Musikgesellschaft Schwellbrunn","url":"https:\/\/mg.schwellbrunn.ch\/","logo":{"@type":"ImageObject","inLanguage":"de","@id":"https:\/\/mg.schwellbrunn.ch\/#\/schema\/logo\/image\/","url":"https:\/\/mg.schwellbrunn.ch\/wp-content\/uploads\/2023\/04\/DefaultProfilePicture.jpg","contentUrl":"https:\/\/mg.schwellbrunn.ch\/wp-content\/uploads\/2023\/04\/DefaultProfilePicture.jpg","width":300,"height":300,"caption":"Musikgesellschaft Schwellbrunn"},"image":{"@id":"https:\/\/mg.schwellbrunn.ch\/#\/schema\/logo\/image\/"},"sameAs":["https:\/\/www.facebook.com\/MusikgesellschaftSchwellbrunn"]}]}},"_links":{"self":[{"href":"https:\/\/mg.schwellbrunn.ch\/index.php\/wp-json\/wp\/v2\/pages\/4442","targetHints":{"allow":["GET"]}}],"collection":[{"href":"https:\/\/mg.schwellbrunn.ch\/index.php\/wp-json\/wp\/v2\/pages"}],"about":[{"href":"https:\/\/mg.schwellbrunn.ch\/index.php\/wp-json\/wp\/v2\/types\/page"}],"author":[{"embeddable":true,"href":"https:\/\/mg.schwellbrunn.ch\/index.php\/wp-json\/wp\/v2\/users\/1"}],"replies":[{"embeddable":true,"href":"https:\/\/mg.schwellbrunn.ch\/index.php\/wp-json\/wp\/v2\/comments?post=4442"}],"version-history":[{"count":1,"href":"https:\/\/mg.schwellbrunn.ch\/index.php\/wp-json\/wp\/v2\/pages\/4442\/revisions"}],"predecessor-version":[{"id":4976,"href":"https:\/\/mg.schwellbrunn.ch\/index.php\/wp-json\/wp\/v2\/pages\/4442\/revisions\/4976"}],"wp:attachment":[{"href":"https:\/\/mg.schwellbrunn.ch\/index.php\/wp-json\/wp\/v2\/media?parent=4442"}],"curies":[{"name":"wp","href":"https:\/\/api.w.org\/{rel}","templated":true}]}}